{"id":1593,"date":"2022-04-25T15:13:18","date_gmt":"2022-04-25T13:13:18","guid":{"rendered":"https:\/\/www.vakantiehuis.pt\/environs\/"},"modified":"2023-09-10T10:06:48","modified_gmt":"2023-09-10T08:06:48","slug":"environs","status":"publish","type":"page","link":"https:\/\/www.vakantiehuis.pt\/fr\/environs\/","title":{"rendered":"Environs"},"content":{"rendered":"\t\t<div data-elementor-type=\"wp-page\" data-elementor-id=\"1593\" class=\"elementor elementor-1593 elementor-95\" data-elementor-post-type=\"page\">\n\t\t\t\t\t\t<section class=\"elementor-section elementor-top-section elementor-element elementor-element-fdda0a4 elementor-section-height-min-height elementor-section-items-top elementor-section-boxed elementor-section-height-default\" data-id=\"fdda0a4\" data-element_type=\"section\" data-e-type=\"section\" data-settings=\"{&quot;background_background&quot;:&quot;classic&quot;}\">\n\t\t\t\t\t\t<div class=\"elementor-container elementor-column-gap-default\">\n\t\t\t\t\t<div class=\"elementor-column elementor-col-100 elementor-top-column elementor-element elementor-element-975b82e\" data-id=\"975b82e\" data-element_type=\"column\" data-e-type=\"column\">\n\t\t\t<div class=\"elementor-widget-wrap\">\n\t\t\t\t\t\t\t<\/div>\n\t\t<\/div>\n\t\t\t\t\t<\/div>\n\t\t<\/section>\n\t\t\t\t<section class=\"elementor-section elementor-top-section elementor-element elementor-element-b91d729 elementor-section-boxed elementor-section-height-default elementor-section-height-default\" data-id=\"b91d729\" data-element_type=\"section\" data-e-type=\"section\" data-settings=\"{&quot;background_background&quot;:&quot;classic&quot;}\">\n\t\t\t\t\t\t<div class=\"elementor-container elementor-column-gap-default\">\n\t\t\t\t\t<div class=\"elementor-column elementor-col-100 elementor-top-column elementor-element elementor-element-56a3da2\" data-id=\"56a3da2\" data-element_type=\"column\" data-e-type=\"column\">\n\t\t\t<div class=\"elementor-widget-wrap elementor-element-populated\">\n\t\t\t\t\t\t<div class=\"elementor-element elementor-element-d63afc7 elementor-widget elementor-widget-text-editor\" data-id=\"d63afc7\" data-element_type=\"widget\" data-e-type=\"widget\" data-widget_type=\"text-editor.default\">\n\t\t\t\t<div class=\"elementor-widget-container\">\n\t\t\t\t\t\t\t\t\t<p>Respirez profond\u00e9ment et d\u00e9tendez-vous<\/p>\n\t\t\t\t\t\t\t\t<\/div>\n\t\t\t\t<\/div>\n\t\t\t\t<div class=\"elementor-element elementor-element-b044aa6 elementor-widget elementor-widget-text-editor\" data-id=\"b044aa6\" data-element_type=\"widget\" data-e-type=\"widget\" data-widget_type=\"text-editor.default\">\n\t\t\t\t<div class=\"elementor-widget-container\">\n\t\t\t\t\t\t\t\t\t<p>D\u00e9couvrez l&rsquo;une des plus belles r\u00e9gions du Portugal.  <br \/>C&rsquo;est la terre des rencontres, entre le pass\u00e9 et le futur, entre les souvenirs et les r\u00eaves, entre les d\u00e9sirs et les r\u00e9alisations.<\/p>\n<p>Ici, De magnifiques lacs de retenue, barrages et plages de rivi\u00e8re vous invitent \u00e0 des moments de pure beaut\u00e9, de tranquillit\u00e9 et d&rsquo;aventure.<\/p>\n<p>Reposez-vous dans de beaux villages de schistes qui permettent la paix et la tranquillit\u00e9.<\/p>\n<p>Admirez les ch\u00e2teaux l\u00e9gendaires et le monast\u00e8re templier \u00ab\u00a0Convento do Cristo\u00a0\u00bb, class\u00e9 au patrimoine mondial. L&rsquo;ordre des Templiers, une qu\u00eate incessante et prodigieuse de mysticisme.<\/p>\n\t\t\t\t\t\t\t\t<\/div>\n\t\t\t\t<\/div>\n\t\t\t\t<div class=\"elementor-element elementor-element-a38dd3e elementor-widget-divider--view-line elementor-widget elementor-widget-divider\" data-id=\"a38dd3e\" data-element_type=\"widget\" data-e-type=\"widget\" data-widget_type=\"divider.default\">\n\t\t\t\t<div class=\"elementor-widget-container\">\n\t\t\t\t\t\t\t<div class=\"elementor-divider\">\n\t\t\t<span class=\"elementor-divider-separator\">\n\t\t\t\t\t\t<\/span>\n\t\t<\/div>\n\t\t\t\t\t\t<\/div>\n\t\t\t\t<\/div>\n\t\t\t\t<section class=\"elementor-section elementor-inner-section elementor-element elementor-element-242a6e8 elementor-section-boxed elementor-section-height-default elementor-section-height-default\" data-id=\"242a6e8\" data-element_type=\"section\" data-e-type=\"section\">\n\t\t\t\t\t\t<div class=\"elementor-container elementor-column-gap-default\">\n\t\t\t\t\t<div class=\"elementor-column elementor-col-100 elementor-inner-column elementor-element elementor-element-4d3a5e9\" data-id=\"4d3a5e9\" data-element_type=\"column\" data-e-type=\"column\">\n\t\t\t<div class=\"elementor-widget-wrap elementor-element-populated\">\n\t\t\t\t\t\t<div class=\"elementor-element elementor-element-596118a elementor-widget elementor-widget-gallery\" data-id=\"596118a\" data-element_type=\"widget\" data-e-type=\"widget\" data-settings=\"{&quot;columns_tablet&quot;:3,&quot;columns_mobile&quot;:2,&quot;lazyload&quot;:&quot;yes&quot;,&quot;gallery_layout&quot;:&quot;grid&quot;,&quot;columns&quot;:4,&quot;gap&quot;:{&quot;unit&quot;:&quot;px&quot;,&quot;size&quot;:10,&quot;sizes&quot;:[]},&quot;gap_tablet&quot;:{&quot;unit&quot;:&quot;px&quot;,&quot;size&quot;:10,&quot;sizes&quot;:[]},&quot;gap_mobile&quot;:{&quot;unit&quot;:&quot;px&quot;,&quot;size&quot;:10,&quot;sizes&quot;:[]},&quot;link_to&quot;:&quot;file&quot;,&quot;aspect_ratio&quot;:&quot;3:2&quot;,&quot;overlay_background&quot;:&quot;yes&quot;,&quot;content_hover_animation&quot;:&quot;fade-in&quot;}\" data-widget_type=\"gallery.default\">\n\t\t\t\t<div class=\"elementor-widget-container\">\n\t\t\t\t\t\t\t<div class=\"elementor-gallery__container\">\n\t\t\t\t\t\t\t<a class=\"e-gallery-item elementor-gallery-item elementor-animated-content\" href=\"https:\/\/www.vakantiehuis.pt\/wp-content\/uploads\/2022\/04\/Bairradinha-rio.jpg\" data-elementor-open-lightbox=\"yes\" data-elementor-lightbox-slideshow=\"596118a\" data-e-action-hash=\"#elementor-action%3Aaction%3Dlightbox%26settings%3DeyJpZCI6MTUzNSwidXJsIjoiaHR0cHM6XC9cL3d3dy52YWthbnRpZWh1aXMucHRcL3dwLWNvbnRlbnRcL3VwbG9hZHNcLzIwMjJcLzA0XC9CYWlycmFkaW5oYS1yaW8uanBnIiwic2xpZGVzaG93IjoiNTk2MTE4YSJ9\">\n\t\t\t\t\t<div class=\"e-gallery-image elementor-gallery-item__image\" data-thumbnail=\"https:\/\/www.vakantiehuis.pt\/wp-content\/uploads\/2022\/04\/Bairradinha-rio-300x225.jpg\" data-width=\"300\" data-height=\"225\" aria-label=\"\" role=\"img\" ><\/div>\n\t\t\t\t\t\t\t\t\t\t\t<div class=\"elementor-gallery-item__overlay\"><\/div>\n\t\t\t\t\t\t\t\t\t\t\t\t\t\t<\/a>\n\t\t\t\t\t\t\t<a class=\"e-gallery-item elementor-gallery-item elementor-animated-content\" href=\"https:\/\/www.vakantiehuis.pt\/wp-content\/uploads\/2022\/04\/Bairradinha-2.jpg\" data-elementor-open-lightbox=\"yes\" data-elementor-lightbox-slideshow=\"596118a\" data-e-action-hash=\"#elementor-action%3Aaction%3Dlightbox%26settings%3DeyJpZCI6MTUzNCwidXJsIjoiaHR0cHM6XC9cL3d3dy52YWthbnRpZWh1aXMucHRcL3dwLWNvbnRlbnRcL3VwbG9hZHNcLzIwMjJcLzA0XC9CYWlycmFkaW5oYS0yLmpwZyIsInNsaWRlc2hvdyI6IjU5NjExOGEifQ%3D%3D\">\n\t\t\t\t\t<div class=\"e-gallery-image elementor-gallery-item__image\" data-thumbnail=\"https:\/\/www.vakantiehuis.pt\/wp-content\/uploads\/2022\/04\/Bairradinha-2-300x225.jpg\" data-width=\"300\" data-height=\"225\" aria-label=\"\" role=\"img\" ><\/div>\n\t\t\t\t\t\t\t\t\t\t\t<div class=\"elementor-gallery-item__overlay\"><\/div>\n\t\t\t\t\t\t\t\t\t\t\t\t\t\t<\/a>\n\t\t\t\t\t\t\t<a class=\"e-gallery-item elementor-gallery-item elementor-animated-content\" href=\"https:\/\/www.vakantiehuis.pt\/wp-content\/uploads\/2022\/04\/Bairradinha.jpg\" data-elementor-open-lightbox=\"yes\" data-elementor-lightbox-slideshow=\"596118a\" data-e-action-hash=\"#elementor-action%3Aaction%3Dlightbox%26settings%3DeyJpZCI6MTUzNiwidXJsIjoiaHR0cHM6XC9cL3d3dy52YWthbnRpZWh1aXMucHRcL3dwLWNvbnRlbnRcL3VwbG9hZHNcLzIwMjJcLzA0XC9CYWlycmFkaW5oYS5qcGciLCJzbGlkZXNob3ciOiI1OTYxMThhIn0%3D\">\n\t\t\t\t\t<div class=\"e-gallery-image elementor-gallery-item__image\" data-thumbnail=\"https:\/\/www.vakantiehuis.pt\/wp-content\/uploads\/2022\/04\/Bairradinha-300x225.jpg\" data-width=\"300\" data-height=\"225\" aria-label=\"\" role=\"img\" ><\/div>\n\t\t\t\t\t\t\t\t\t\t\t<div class=\"elementor-gallery-item__overlay\"><\/div>\n\t\t\t\t\t\t\t\t\t\t\t\t\t\t<\/a>\n\t\t\t\t\t\t\t<a class=\"e-gallery-item elementor-gallery-item elementor-animated-content\" href=\"https:\/\/www.vakantiehuis.pt\/wp-content\/uploads\/2022\/04\/Lago-Azul.jpg\" data-elementor-open-lightbox=\"yes\" data-elementor-lightbox-slideshow=\"596118a\" data-e-action-hash=\"#elementor-action%3Aaction%3Dlightbox%26settings%3DeyJpZCI6MTUzNywidXJsIjoiaHR0cHM6XC9cL3d3dy52YWthbnRpZWh1aXMucHRcL3dwLWNvbnRlbnRcL3VwbG9hZHNcLzIwMjJcLzA0XC9MYWdvLUF6dWwuanBnIiwic2xpZGVzaG93IjoiNTk2MTE4YSJ9\">\n\t\t\t\t\t<div class=\"e-gallery-image elementor-gallery-item__image\" data-thumbnail=\"https:\/\/www.vakantiehuis.pt\/wp-content\/uploads\/2022\/04\/Lago-Azul-300x225.jpg\" data-width=\"300\" data-height=\"225\" aria-label=\"\" role=\"img\" ><\/div>\n\t\t\t\t\t\t\t\t\t\t\t<div class=\"elementor-gallery-item__overlay\"><\/div>\n\t\t\t\t\t\t\t\t\t\t\t\t\t\t<\/a>\n\t\t\t\t\t\t\t<a class=\"e-gallery-item elementor-gallery-item elementor-animated-content\" href=\"https:\/\/www.vakantiehuis.pt\/wp-content\/uploads\/2022\/04\/Ruta-Panoramica.jpg\" data-elementor-open-lightbox=\"yes\" data-elementor-lightbox-slideshow=\"596118a\" data-e-action-hash=\"#elementor-action%3Aaction%3Dlightbox%26settings%3DeyJpZCI6MTUzOCwidXJsIjoiaHR0cHM6XC9cL3d3dy52YWthbnRpZWh1aXMucHRcL3dwLWNvbnRlbnRcL3VwbG9hZHNcLzIwMjJcLzA0XC9SdXRhLVBhbm9yYW1pY2EuanBnIiwic2xpZGVzaG93IjoiNTk2MTE4YSJ9\">\n\t\t\t\t\t<div class=\"e-gallery-image elementor-gallery-item__image\" data-thumbnail=\"https:\/\/www.vakantiehuis.pt\/wp-content\/uploads\/2022\/04\/Ruta-Panoramica-300x225.jpg\" data-width=\"300\" data-height=\"225\" aria-label=\"\" role=\"img\" ><\/div>\n\t\t\t\t\t\t\t\t\t\t\t<div class=\"elementor-gallery-item__overlay\"><\/div>\n\t\t\t\t\t\t\t\t\t\t\t\t\t\t<\/a>\n\t\t\t\t\t\t\t<a class=\"e-gallery-item elementor-gallery-item elementor-animated-content\" href=\"https:\/\/www.vakantiehuis.pt\/wp-content\/uploads\/2022\/04\/Tomar-aquaduct.jpeg\" data-elementor-open-lightbox=\"yes\" data-elementor-lightbox-slideshow=\"596118a\" data-e-action-hash=\"#elementor-action%3Aaction%3Dlightbox%26settings%3DeyJpZCI6MTUzMiwidXJsIjoiaHR0cHM6XC9cL3d3dy52YWthbnRpZWh1aXMucHRcL3dwLWNvbnRlbnRcL3VwbG9hZHNcLzIwMjJcLzA0XC9Ub21hci1hcXVhZHVjdC5qcGVnIiwic2xpZGVzaG93IjoiNTk2MTE4YSJ9\">\n\t\t\t\t\t<div class=\"e-gallery-image elementor-gallery-item__image\" data-thumbnail=\"https:\/\/www.vakantiehuis.pt\/wp-content\/uploads\/2022\/04\/Tomar-aquaduct-300x169.jpeg\" data-width=\"300\" data-height=\"169\" aria-label=\"\" role=\"img\" ><\/div>\n\t\t\t\t\t\t\t\t\t\t\t<div class=\"elementor-gallery-item__overlay\"><\/div>\n\t\t\t\t\t\t\t\t\t\t\t\t\t\t<\/a>\n\t\t\t\t\t\t\t<a class=\"e-gallery-item elementor-gallery-item elementor-animated-content\" href=\"https:\/\/www.vakantiehuis.pt\/wp-content\/uploads\/2023\/01\/Bairradinha.jpg\" data-elementor-open-lightbox=\"yes\" data-elementor-lightbox-slideshow=\"596118a\" data-e-action-hash=\"#elementor-action%3Aaction%3Dlightbox%26settings%3DeyJpZCI6MjI1MCwidXJsIjoiaHR0cHM6XC9cL3d3dy52YWthbnRpZWh1aXMucHRcL3dwLWNvbnRlbnRcL3VwbG9hZHNcLzIwMjNcLzAxXC9CYWlycmFkaW5oYS5qcGciLCJzbGlkZXNob3ciOiI1OTYxMThhIn0%3D\">\n\t\t\t\t\t<div class=\"e-gallery-image elementor-gallery-item__image\" data-thumbnail=\"https:\/\/www.vakantiehuis.pt\/wp-content\/uploads\/2023\/01\/Bairradinha-300x225.jpg\" data-width=\"300\" data-height=\"225\" aria-label=\"\" role=\"img\" ><\/div>\n\t\t\t\t\t\t\t\t\t\t\t<div class=\"elementor-gallery-item__overlay\"><\/div>\n\t\t\t\t\t\t\t\t\t\t\t\t\t\t<\/a>\n\t\t\t\t\t\t\t<a class=\"e-gallery-item elementor-gallery-item elementor-animated-content\" href=\"https:\/\/www.vakantiehuis.pt\/wp-content\/uploads\/2022\/04\/Convento-de-Cristo.jpeg\" data-elementor-open-lightbox=\"yes\" data-elementor-lightbox-slideshow=\"596118a\" data-e-action-hash=\"#elementor-action%3Aaction%3Dlightbox%26settings%3DeyJpZCI6MTUyNywidXJsIjoiaHR0cHM6XC9cL3d3dy52YWthbnRpZWh1aXMucHRcL3dwLWNvbnRlbnRcL3VwbG9hZHNcLzIwMjJcLzA0XC9Db252ZW50by1kZS1DcmlzdG8uanBlZyIsInNsaWRlc2hvdyI6IjU5NjExOGEifQ%3D%3D\">\n\t\t\t\t\t<div class=\"e-gallery-image elementor-gallery-item__image\" data-thumbnail=\"https:\/\/www.vakantiehuis.pt\/wp-content\/uploads\/2022\/04\/Convento-de-Cristo-300x225.jpeg\" data-width=\"300\" data-height=\"225\" aria-label=\"\" role=\"img\" ><\/div>\n\t\t\t\t\t\t\t\t\t\t\t<div class=\"elementor-gallery-item__overlay\"><\/div>\n\t\t\t\t\t\t\t\t\t\t\t\t\t\t<\/a>\n\t\t\t\t\t\t\t<a class=\"e-gallery-item elementor-gallery-item elementor-animated-content\" href=\"https:\/\/www.vakantiehuis.pt\/wp-content\/uploads\/2023\/01\/Almourol.jpeg\" data-elementor-open-lightbox=\"yes\" data-elementor-lightbox-slideshow=\"596118a\" data-e-action-hash=\"#elementor-action%3Aaction%3Dlightbox%26settings%3DeyJpZCI6MjI0NSwidXJsIjoiaHR0cHM6XC9cL3d3dy52YWthbnRpZWh1aXMucHRcL3dwLWNvbnRlbnRcL3VwbG9hZHNcLzIwMjNcLzAxXC9BbG1vdXJvbC5qcGVnIiwic2xpZGVzaG93IjoiNTk2MTE4YSJ9\">\n\t\t\t\t\t<div class=\"e-gallery-image elementor-gallery-item__image\" data-thumbnail=\"https:\/\/www.vakantiehuis.pt\/wp-content\/uploads\/2023\/01\/Almourol-300x200.jpeg\" data-width=\"300\" data-height=\"200\" aria-label=\"\" role=\"img\" ><\/div>\n\t\t\t\t\t\t\t\t\t\t\t<div class=\"elementor-gallery-item__overlay\"><\/div>\n\t\t\t\t\t\t\t\t\t\t\t\t\t\t<\/a>\n\t\t\t\t\t\t\t<a class=\"e-gallery-item elementor-gallery-item elementor-animated-content\" href=\"https:\/\/www.vakantiehuis.pt\/wp-content\/uploads\/2022\/04\/Dornes.jpeg\" data-elementor-open-lightbox=\"yes\" data-elementor-lightbox-slideshow=\"596118a\" data-e-action-hash=\"#elementor-action%3Aaction%3Dlightbox%26settings%3DeyJpZCI6MTUyOCwidXJsIjoiaHR0cHM6XC9cL3d3dy52YWthbnRpZWh1aXMucHRcL3dwLWNvbnRlbnRcL3VwbG9hZHNcLzIwMjJcLzA0XC9Eb3JuZXMuanBlZyIsInNsaWRlc2hvdyI6IjU5NjExOGEifQ%3D%3D\">\n\t\t\t\t\t<div class=\"e-gallery-image elementor-gallery-item__image\" data-thumbnail=\"https:\/\/www.vakantiehuis.pt\/wp-content\/uploads\/2022\/04\/Dornes-300x169.jpeg\" data-width=\"300\" data-height=\"169\" aria-label=\"\" role=\"img\" ><\/div>\n\t\t\t\t\t\t\t\t\t\t\t<div class=\"elementor-gallery-item__overlay\"><\/div>\n\t\t\t\t\t\t\t\t\t\t\t\t\t\t<\/a>\n\t\t\t\t\t\t\t<a class=\"e-gallery-item elementor-gallery-item elementor-animated-content\" href=\"https:\/\/www.vakantiehuis.pt\/wp-content\/uploads\/2022\/04\/waterfall.jpeg\" data-elementor-open-lightbox=\"yes\" data-elementor-lightbox-slideshow=\"596118a\" data-e-action-hash=\"#elementor-action%3Aaction%3Dlightbox%26settings%3DeyJpZCI6MTUzMywidXJsIjoiaHR0cHM6XC9cL3d3dy52YWthbnRpZWh1aXMucHRcL3dwLWNvbnRlbnRcL3VwbG9hZHNcLzIwMjJcLzA0XC93YXRlcmZhbGwuanBlZyIsInNsaWRlc2hvdyI6IjU5NjExOGEifQ%3D%3D\">\n\t\t\t\t\t<div class=\"e-gallery-image elementor-gallery-item__image\" data-thumbnail=\"https:\/\/www.vakantiehuis.pt\/wp-content\/uploads\/2022\/04\/waterfall-300x200.jpeg\" data-width=\"300\" data-height=\"200\" aria-label=\"\" role=\"img\" ><\/div>\n\t\t\t\t\t\t\t\t\t\t\t<div class=\"elementor-gallery-item__overlay\"><\/div>\n\t\t\t\t\t\t\t\t\t\t\t\t\t\t<\/a>\n\t\t\t\t\t\t\t<a class=\"e-gallery-item elementor-gallery-item elementor-animated-content\" href=\"https:\/\/www.vakantiehuis.pt\/wp-content\/uploads\/2022\/04\/Parque-do-Bonito.jpeg\" data-elementor-open-lightbox=\"yes\" data-elementor-lightbox-slideshow=\"596118a\" data-e-action-hash=\"#elementor-action%3Aaction%3Dlightbox%26settings%3DeyJpZCI6MTUzMCwidXJsIjoiaHR0cHM6XC9cL3d3dy52YWthbnRpZWh1aXMucHRcL3dwLWNvbnRlbnRcL3VwbG9hZHNcLzIwMjJcLzA0XC9QYXJxdWUtZG8tQm9uaXRvLmpwZWciLCJzbGlkZXNob3ciOiI1OTYxMThhIn0%3D\">\n\t\t\t\t\t<div class=\"e-gallery-image elementor-gallery-item__image\" data-thumbnail=\"https:\/\/www.vakantiehuis.pt\/wp-content\/uploads\/2022\/04\/Parque-do-Bonito-300x225.jpeg\" data-width=\"300\" data-height=\"225\" aria-label=\"\" role=\"img\" ><\/div>\n\t\t\t\t\t\t\t\t\t\t\t<div class=\"elementor-gallery-item__overlay\"><\/div>\n\t\t\t\t\t\t\t\t\t\t\t\t\t\t<\/a>\n\t\t\t\t\t<\/div>\n\t\t\t\t\t<\/div>\n\t\t\t\t<\/div>\n\t\t\t\t\t<\/div>\n\t\t<\/div>\n\t\t\t\t\t<\/div>\n\t\t<\/section>\n\t\t\t\t\t<\/div>\n\t\t<\/div>\n\t\t\t\t\t<\/div>\n\t\t<\/section>\n\t\t\t\t<section class=\"elementor-section elementor-top-section elementor-element elementor-element-a01a3f6 elementor-section-boxed elementor-section-height-default elementor-section-height-default\" data-id=\"a01a3f6\" data-element_type=\"section\" data-e-type=\"section\">\n\t\t\t\t\t\t<div class=\"elementor-container elementor-column-gap-default\">\n\t\t\t\t\t<div class=\"elementor-column elementor-col-100 elementor-top-column elementor-element elementor-element-e0ce62d\" data-id=\"e0ce62d\" data-element_type=\"column\" data-e-type=\"column\">\n\t\t\t<div class=\"elementor-widget-wrap\">\n\t\t\t\t\t\t\t<\/div>\n\t\t<\/div>\n\t\t\t\t\t<\/div>\n\t\t<\/section>\n\t\t\t\t<\/div>\n\t\t","protected":false},"excerpt":{"rendered":"<p>Respirez profond\u00e9ment et d\u00e9tendez-vous D\u00e9couvrez l&rsquo;une des plus belles r\u00e9gions du Portugal. C&rsquo;est la terre des rencontres, entre le pass\u00e9 et le futur, entre les souvenirs et les r\u00eaves, entre les d\u00e9sirs et les r\u00e9alisations. Ici, De magnifiques lacs de retenue, barrages et plages de rivi\u00e8re vous invitent \u00e0 des moments de pure beaut\u00e9, de &hellip; <a href=\"https:\/\/www.vakantiehuis.pt\/fr\/environs\/\" class=\"more-link\">Continue reading<span class=\"screen-reader-text\"> \u00ab\u00a0Environs\u00a0\u00bb<\/span><\/a><\/p>\n","protected":false},"author":1,"featured_media":0,"parent":0,"menu_order":0,"comment_status":"closed","ping_status":"closed","template":"elementor_header_footer","meta":{"footnotes":""},"class_list":["post-1593","page","type-page","status-publish","hentry"],"_links":{"self":[{"href":"https:\/\/www.vakantiehuis.pt\/fr\/wp-json\/wp\/v2\/pages\/1593","targetHints":{"allow":["GET"]}}],"collection":[{"href":"https:\/\/www.vakantiehuis.pt\/fr\/wp-json\/wp\/v2\/pages"}],"about":[{"href":"https:\/\/www.vakantiehuis.pt\/fr\/wp-json\/wp\/v2\/types\/page"}],"author":[{"embeddable":true,"href":"https:\/\/www.vakantiehuis.pt\/fr\/wp-json\/wp\/v2\/users\/1"}],"replies":[{"embeddable":true,"href":"https:\/\/www.vakantiehuis.pt\/fr\/wp-json\/wp\/v2\/comments?post=1593"}],"version-history":[{"count":10,"href":"https:\/\/www.vakantiehuis.pt\/fr\/wp-json\/wp\/v2\/pages\/1593\/revisions"}],"predecessor-version":[{"id":3143,"href":"https:\/\/www.vakantiehuis.pt\/fr\/wp-json\/wp\/v2\/pages\/1593\/revisions\/3143"}],"wp:attachment":[{"href":"https:\/\/www.vakantiehuis.pt\/fr\/wp-json\/wp\/v2\/media?parent=1593"}],"curies":[{"name":"wp","href":"https:\/\/api.w.org\/{rel}","templated":true}]}}