{"id":1610,"date":"2022-04-25T07:50:23","date_gmt":"2022-04-25T05:50:23","guid":{"rendered":"https:\/\/www.vakantiehuis.pt\/accueil\/"},"modified":"2023-09-10T10:06:57","modified_gmt":"2023-09-10T08:06:57","slug":"accueil","status":"publish","type":"page","link":"https:\/\/www.vakantiehuis.pt\/fr\/","title":{"rendered":"Accueil"},"content":{"rendered":"\t\t<div data-elementor-type=\"wp-post\" data-elementor-id=\"1610\" class=\"elementor elementor-1610 elementor-9\" data-elementor-post-type=\"page\">\n\t\t\t\t\t\t<section class=\"elementor-section elementor-top-section elementor-element elementor-element-1d1a16b elementor-section-height-min-height elementor-section-items-top elementor-section-boxed elementor-section-height-default\" data-id=\"1d1a16b\" data-element_type=\"section\" data-e-type=\"section\" data-settings=\"{&quot;background_background&quot;:&quot;classic&quot;}\">\n\t\t\t\t\t\t<div class=\"elementor-container elementor-column-gap-default\">\n\t\t\t\t\t<div class=\"elementor-column elementor-col-100 elementor-top-column elementor-element elementor-element-3baec3b\" data-id=\"3baec3b\" data-element_type=\"column\" data-e-type=\"column\">\n\t\t\t<div class=\"elementor-widget-wrap\">\n\t\t\t\t\t\t\t<\/div>\n\t\t<\/div>\n\t\t\t\t\t<\/div>\n\t\t<\/section>\n\t\t\t\t<section class=\"elementor-section elementor-top-section elementor-element elementor-element-9f554f1 elementor-section-boxed elementor-section-height-default elementor-section-height-default\" data-id=\"9f554f1\" data-element_type=\"section\" data-e-type=\"section\" data-settings=\"{&quot;background_background&quot;:&quot;classic&quot;}\">\n\t\t\t\t\t\t<div class=\"elementor-container elementor-column-gap-default\">\n\t\t\t\t\t<div class=\"elementor-column elementor-col-100 elementor-top-column elementor-element elementor-element-669e068\" data-id=\"669e068\" data-element_type=\"column\" data-e-type=\"column\">\n\t\t\t<div class=\"elementor-widget-wrap elementor-element-populated\">\n\t\t\t\t\t\t<div class=\"elementor-element elementor-element-e70517c elementor-widget elementor-widget-text-editor\" data-id=\"e70517c\" data-element_type=\"widget\" data-e-type=\"widget\" data-widget_type=\"text-editor.default\">\n\t\t\t\t<div class=\"elementor-widget-container\">\n\t\t\t\t\t\t\t\t\t<p><span style=\"font-size: 18pt; font-family: veneer;\">Nos maisons de vacances sont situ\u00e9es dans le centre du Portugal, <br \/><\/span><span style=\"font-size: 18pt; font-family: veneer; color: #999999;\">le point de d\u00e9part id\u00e9al pour d\u00e9couvrir ce beau pays.<\/span><\/p>\n\t\t\t\t\t\t\t\t<\/div>\n\t\t\t\t<\/div>\n\t\t\t\t<div class=\"elementor-element elementor-element-74aac42 elementor-widget elementor-widget-text-editor\" data-id=\"74aac42\" data-element_type=\"widget\" data-e-type=\"widget\" data-widget_type=\"text-editor.default\">\n\t\t\t\t<div class=\"elementor-widget-container\">\n\t\t\t\t\t\t\t\t\t<p style=\"text-align: justify;\">Entre Ribatejo, les for\u00eats de pins et les montagnes du <strong>centre du Portugal<\/strong>, pr\u00e8s du <strong>lagon bleu<\/strong> d&rsquo;Albufeira se trouve Ferreira Do Z\u00eazere, travers\u00e9e par la rivi\u00e8re <strong>O Rio Z\u00eazere<\/strong>.<\/p>\n<p style=\"text-align: justify;\">En raison du barrage du Castello de Bode, la rivi\u00e8re a form\u00e9 plusieurs m\u00e9andres qui ressemblent davantage \u00e0 un lac. Le nom \u00ab\u00a0Lago Azul\u00a0\u00bb n&rsquo;est donc certainement pas d\u00e9plac\u00e9. Nager, se dorer au soleil, p\u00eacher, pratiquer des sports nautiques et profiter de la vie &#8230;<\/p>\n<p style=\"text-align: justify;\">Terre de <strong>collines et de vall\u00e9es<\/strong> o\u00f9 la beaut\u00e9 se manifeste dans chaque d\u00e9tail et o\u00f9 le temps semble s&rsquo;\u00eatre arr\u00eat\u00e9. Il y a ici le <strong>silence et la paix<\/strong>, un silence bris\u00e9 seulement par les oiseaux et le murmure de l&rsquo;eau et du vent. De <strong>vastes \u00e9tendues d\u2019eaux<\/strong> \u00e9tincelantes flanqu\u00e9es de <strong>collines vertes<\/strong>, voil\u00e0 Ferreira do Z\u00eazere<\/p>\t\t\t\t\t\t\t\t<\/div>\n\t\t\t\t<\/div>\n\t\t\t\t<div class=\"elementor-element elementor-element-26af57c elementor-widget-divider--view-line elementor-widget elementor-widget-divider\" data-id=\"26af57c\" data-element_type=\"widget\" data-e-type=\"widget\" data-widget_type=\"divider.default\">\n\t\t\t\t<div class=\"elementor-widget-container\">\n\t\t\t\t\t\t\t<div class=\"elementor-divider\">\n\t\t\t<span class=\"elementor-divider-separator\">\n\t\t\t\t\t\t<\/span>\n\t\t<\/div>\n\t\t\t\t\t\t<\/div>\n\t\t\t\t<\/div>\n\t\t\t\t<section class=\"elementor-section elementor-inner-section elementor-element elementor-element-29b73d9 elementor-section-boxed elementor-section-height-default elementor-section-height-default\" data-id=\"29b73d9\" data-element_type=\"section\" data-e-type=\"section\">\n\t\t\t\t\t\t<div class=\"elementor-container elementor-column-gap-default\">\n\t\t\t\t\t<div class=\"elementor-column elementor-col-50 elementor-inner-column elementor-element elementor-element-5918da6\" data-id=\"5918da6\" data-element_type=\"column\" data-e-type=\"column\" data-settings=\"{&quot;background_background&quot;:&quot;classic&quot;}\">\n\t\t\t<div class=\"elementor-widget-wrap elementor-element-populated\">\n\t\t\t\t\t\t<div class=\"elementor-element elementor-element-baeb5b0 elementor-widget elementor-widget-heading\" data-id=\"baeb5b0\" data-element_type=\"widget\" data-e-type=\"widget\" data-widget_type=\"heading.default\">\n\t\t\t\t<div class=\"elementor-widget-container\">\n\t\t\t\t\t<h1 class=\"elementor-heading-title elementor-size-default\">Casa Rio<\/h1>\t\t\t\t<\/div>\n\t\t\t\t<\/div>\n\t\t\t\t<div class=\"elementor-element elementor-element-cb83af9 elementor-widget elementor-widget-text-editor\" data-id=\"cb83af9\" data-element_type=\"widget\" data-e-type=\"widget\" data-widget_type=\"text-editor.default\">\n\t\t\t\t<div class=\"elementor-widget-container\">\n\t\t\t\t\t\t\t\t\t<p>La <strong>Casa do Rio<\/strong> est situ\u00e9e \u00e0 Bairradinha, sur la rivi\u00e8re <strong>Rio Z\u00eazere<\/strong>.  <br \/>La plage de la rivi\u00e8re se trouve \u00e0 6 minutes de marche.<br \/>La maison a \u00e9t\u00e9 enti\u00e8rement r\u00e9nov\u00e9e en 2022 en <strong>2 espaces de vie enti\u00e8rement \u00e9quip\u00e9s \u00ab\u00a0Amalia\u00a0\u00bb <\/strong>(max 7 pers.) et<strong> \u00ab\u00a0Saramago\u00a0\u00bb <\/strong>(max 6 pers.).<\/p>\n<p><span style=\"color: #ffffff;\">.<br \/>.<\/span><\/p>\n\t\t\t\t\t\t\t\t<\/div>\n\t\t\t\t<\/div>\n\t\t\t\t<div class=\"elementor-element elementor-element-550e1be elementor-widget elementor-widget-image\" data-id=\"550e1be\" data-element_type=\"widget\" data-e-type=\"widget\" data-widget_type=\"image.default\">\n\t\t\t\t<div class=\"elementor-widget-container\">\n\t\t\t\t\t\t\t\t\t\t\t\t\t\t\t<img fetchpriority=\"high\" decoding=\"async\" width=\"768\" height=\"511\" src=\"https:\/\/www.vakantiehuis.pt\/wp-content\/uploads\/2023\/01\/927447ac-860c-48a2-9f86-0581dbf558c6-e1673534340638.jpg\" class=\"attachment-large size-large wp-image-1583\" alt=\"\" srcset=\"https:\/\/www.vakantiehuis.pt\/wp-content\/uploads\/2023\/01\/927447ac-860c-48a2-9f86-0581dbf558c6-e1673534340638.jpg 1011w, https:\/\/www.vakantiehuis.pt\/wp-content\/uploads\/2023\/01\/927447ac-860c-48a2-9f86-0581dbf558c6-e1673534340638-300x200.jpg 300w, https:\/\/www.vakantiehuis.pt\/wp-content\/uploads\/2023\/01\/927447ac-860c-48a2-9f86-0581dbf558c6-e1673534340638-768x511.jpg 768w, https:\/\/www.vakantiehuis.pt\/wp-content\/uploads\/2023\/01\/927447ac-860c-48a2-9f86-0581dbf558c6-e1673534340638-841x560.jpg 841w, https:\/\/www.vakantiehuis.pt\/wp-content\/uploads\/2023\/01\/927447ac-860c-48a2-9f86-0581dbf558c6-e1673534340638-840x560.jpg 840w, https:\/\/www.vakantiehuis.pt\/wp-content\/uploads\/2023\/01\/927447ac-860c-48a2-9f86-0581dbf558c6-e1673534340638-18x12.jpg 18w\" sizes=\"(max-width: 768px) 100vw, 768px\" \/>\t\t\t\t\t\t\t\t\t\t\t\t\t\t\t<\/div>\n\t\t\t\t<\/div>\n\t\t\t\t<div class=\"elementor-element elementor-element-b9c7beb elementor-widget elementor-widget-image\" data-id=\"b9c7beb\" data-element_type=\"widget\" data-e-type=\"widget\" data-widget_type=\"image.default\">\n\t\t\t\t<div class=\"elementor-widget-container\">\n\t\t\t\t\t\t\t\t\t\t\t\t\t\t\t<img decoding=\"async\" width=\"768\" height=\"512\" src=\"https:\/\/www.vakantiehuis.pt\/wp-content\/uploads\/2023\/02\/Pool-Rivier-1500px-1024x683.jpg\" class=\"attachment-large size-large wp-image-2378\" alt=\"\" srcset=\"https:\/\/www.vakantiehuis.pt\/wp-content\/uploads\/2023\/02\/Pool-Rivier-1500px-1024x683.jpg 1024w, https:\/\/www.vakantiehuis.pt\/wp-content\/uploads\/2023\/02\/Pool-Rivier-1500px-300x200.jpg 300w, https:\/\/www.vakantiehuis.pt\/wp-content\/uploads\/2023\/02\/Pool-Rivier-1500px-768x513.jpg 768w, https:\/\/www.vakantiehuis.pt\/wp-content\/uploads\/2023\/02\/Pool-Rivier-1500px-839x560.jpg 839w, https:\/\/www.vakantiehuis.pt\/wp-content\/uploads\/2023\/02\/Pool-Rivier-1500px-840x560.jpg 840w, https:\/\/www.vakantiehuis.pt\/wp-content\/uploads\/2023\/02\/Pool-Rivier-1500px.jpg 1500w\" sizes=\"(max-width: 768px) 100vw, 768px\" \/>\t\t\t\t\t\t\t\t\t\t\t\t\t\t\t<\/div>\n\t\t\t\t<\/div>\n\t\t\t\t<div class=\"elementor-element elementor-element-ba020fe elementor-align-justify elementor-widget elementor-widget-button\" data-id=\"ba020fe\" data-element_type=\"widget\" data-e-type=\"widget\" data-widget_type=\"button.default\">\n\t\t\t\t<div class=\"elementor-widget-container\">\n\t\t\t\t\t\t\t\t\t<div class=\"elementor-button-wrapper\">\n\t\t\t\t\t<a class=\"elementor-button elementor-button-link elementor-size-sm\" href=\"https:\/\/www.vakantiehuis.pt\/fr\/reservation-casa-do-rio\/\">\n\t\t\t\t\t\t<span class=\"elementor-button-content-wrapper\">\n\t\t\t\t\t\t\t\t\t<span class=\"elementor-button-text\">Plus d'informations<\/span>\n\t\t\t\t\t<\/span>\n\t\t\t\t\t<\/a>\n\t\t\t\t<\/div>\n\t\t\t\t\t\t\t\t<\/div>\n\t\t\t\t<\/div>\n\t\t\t\t\t<\/div>\n\t\t<\/div>\n\t\t\t\t<div class=\"elementor-column elementor-col-50 elementor-inner-column elementor-element elementor-element-42a59e7\" data-id=\"42a59e7\" data-element_type=\"column\" data-e-type=\"column\" data-settings=\"{&quot;background_background&quot;:&quot;classic&quot;}\">\n\t\t\t<div class=\"elementor-widget-wrap elementor-element-populated\">\n\t\t\t\t\t\t<div class=\"elementor-element elementor-element-7fafe4b elementor-widget elementor-widget-heading\" data-id=\"7fafe4b\" data-element_type=\"widget\" data-e-type=\"widget\" data-widget_type=\"heading.default\">\n\t\t\t\t<div class=\"elementor-widget-container\">\n\t\t\t\t\t<h1 class=\"elementor-heading-title elementor-size-default\">Casa Cardal<\/h1>\t\t\t\t<\/div>\n\t\t\t\t<\/div>\n\t\t\t\t<div class=\"elementor-element elementor-element-c9b649e elementor-widget elementor-widget-text-editor\" data-id=\"c9b649e\" data-element_type=\"widget\" data-e-type=\"widget\" data-widget_type=\"text-editor.default\">\n\t\t\t\t<div class=\"elementor-widget-container\">\n\t\t\t\t\t\t\t\t\t<p>Situ\u00e9 \u00e0 1,9 km de la rivi\u00e8re <strong>Rio Z\u00eazere<\/strong>, <strong>Casa Cardal<\/strong> est une oasis de <strong>tranquillit\u00e9<\/strong> donnant uniquement sur la <strong>nature<\/strong>.<br \/>La maison enti\u00e8re offre un h\u00e9bergement pour <strong>12 personnes<\/strong>. L&rsquo;\u00e9tage sup\u00e9rieur comprend <strong>3 logements<\/strong> qui peuvent \u00eatre lou\u00e9s s\u00e9par\u00e9ment.<\/p>\n<p>Pendant les mois de juillet et ao\u00fbt, nous (Dirk, Catherine et Tille) s\u00e9journons dans une annexe de la m\u00eame propri\u00e9t\u00e9.<\/p>\n\t\t\t\t\t\t\t\t<\/div>\n\t\t\t\t<\/div>\n\t\t\t\t<div class=\"elementor-element elementor-element-e6d706a elementor-widget elementor-widget-image\" data-id=\"e6d706a\" data-element_type=\"widget\" data-e-type=\"widget\" data-widget_type=\"image.default\">\n\t\t\t\t<div class=\"elementor-widget-container\">\n\t\t\t\t\t\t\t\t\t\t\t\t\t\t\t<img decoding=\"async\" width=\"768\" height=\"512\" src=\"https:\/\/www.vakantiehuis.pt\/wp-content\/uploads\/2023\/01\/IMG_7056-scaled-e1673533875689-1024x683.jpeg\" class=\"attachment-large size-large wp-image-1585\" alt=\"\" srcset=\"https:\/\/www.vakantiehuis.pt\/wp-content\/uploads\/2023\/01\/IMG_7056-scaled-e1673533875689-1024x683.jpeg 1024w, https:\/\/www.vakantiehuis.pt\/wp-content\/uploads\/2023\/01\/IMG_7056-scaled-e1673533875689-300x200.jpeg 300w, https:\/\/www.vakantiehuis.pt\/wp-content\/uploads\/2023\/01\/IMG_7056-scaled-e1673533875689-768x512.jpeg 768w, https:\/\/www.vakantiehuis.pt\/wp-content\/uploads\/2023\/01\/IMG_7056-scaled-e1673533875689-1536x1025.jpeg 1536w, https:\/\/www.vakantiehuis.pt\/wp-content\/uploads\/2023\/01\/IMG_7056-scaled-e1673533875689-2048x1366.jpeg 2048w, https:\/\/www.vakantiehuis.pt\/wp-content\/uploads\/2023\/01\/IMG_7056-scaled-e1673533875689-839x560.jpeg 839w, https:\/\/www.vakantiehuis.pt\/wp-content\/uploads\/2023\/01\/IMG_7056-scaled-e1673533875689-2000x1334.jpeg 2000w, https:\/\/www.vakantiehuis.pt\/wp-content\/uploads\/2023\/01\/IMG_7056-scaled-e1673533875689-840x560.jpeg 840w, https:\/\/www.vakantiehuis.pt\/wp-content\/uploads\/2023\/01\/IMG_7056-scaled-e1673533875689-18x12.jpeg 18w\" sizes=\"(max-width: 768px) 100vw, 768px\" \/>\t\t\t\t\t\t\t\t\t\t\t\t\t\t\t<\/div>\n\t\t\t\t<\/div>\n\t\t\t\t<div class=\"elementor-element elementor-element-fd4867f elementor-widget elementor-widget-image\" data-id=\"fd4867f\" data-element_type=\"widget\" data-e-type=\"widget\" data-widget_type=\"image.default\">\n\t\t\t\t<div class=\"elementor-widget-container\">\n\t\t\t\t\t\t\t\t\t\t\t\t\t\t\t<img loading=\"lazy\" decoding=\"async\" width=\"768\" height=\"512\" src=\"https:\/\/www.vakantiehuis.pt\/wp-content\/uploads\/2023\/01\/IMG_0684-scaled-e1673533358840-1024x683.jpg\" class=\"attachment-large size-large wp-image-1584\" alt=\"\" srcset=\"https:\/\/www.vakantiehuis.pt\/wp-content\/uploads\/2023\/01\/IMG_0684-scaled-e1673533358840-1024x683.jpg 1024w, https:\/\/www.vakantiehuis.pt\/wp-content\/uploads\/2023\/01\/IMG_0684-scaled-e1673533358840-300x200.jpg 300w, https:\/\/www.vakantiehuis.pt\/wp-content\/uploads\/2023\/01\/IMG_0684-scaled-e1673533358840-768x513.jpg 768w, https:\/\/www.vakantiehuis.pt\/wp-content\/uploads\/2023\/01\/IMG_0684-scaled-e1673533358840-839x560.jpg 839w, https:\/\/www.vakantiehuis.pt\/wp-content\/uploads\/2023\/01\/IMG_0684-scaled-e1673533358840-840x560.jpg 840w, https:\/\/www.vakantiehuis.pt\/wp-content\/uploads\/2023\/01\/IMG_0684-scaled-e1673533358840-18x12.jpg 18w, https:\/\/www.vakantiehuis.pt\/wp-content\/uploads\/2023\/01\/IMG_0684-scaled-e1673533358840.jpg 1500w\" sizes=\"(max-width: 768px) 100vw, 768px\" \/>\t\t\t\t\t\t\t\t\t\t\t\t\t\t\t<\/div>\n\t\t\t\t<\/div>\n\t\t\t\t<div class=\"elementor-element elementor-element-7bc11b3 elementor-align-justify elementor-widget elementor-widget-button\" data-id=\"7bc11b3\" data-element_type=\"widget\" data-e-type=\"widget\" data-widget_type=\"button.default\">\n\t\t\t\t<div class=\"elementor-widget-container\">\n\t\t\t\t\t\t\t\t\t<div class=\"elementor-button-wrapper\">\n\t\t\t\t\t<a class=\"elementor-button elementor-button-link elementor-size-sm\" href=\"https:\/\/www.vakantiehuis.pt\/fr\/reservation-casa-cardal\/\">\n\t\t\t\t\t\t<span class=\"elementor-button-content-wrapper\">\n\t\t\t\t\t\t\t\t\t<span class=\"elementor-button-text\">Plus d'informations<\/span>\n\t\t\t\t\t<\/span>\n\t\t\t\t\t<\/a>\n\t\t\t\t<\/div>\n\t\t\t\t\t\t\t\t<\/div>\n\t\t\t\t<\/div>\n\t\t\t\t\t<\/div>\n\t\t<\/div>\n\t\t\t\t\t<\/div>\n\t\t<\/section>\n\t\t\t\t<div class=\"elementor-element elementor-element-3154447 elementor-widget-divider--view-line elementor-widget elementor-widget-divider\" data-id=\"3154447\" data-element_type=\"widget\" data-e-type=\"widget\" data-widget_type=\"divider.default\">\n\t\t\t\t<div class=\"elementor-widget-container\">\n\t\t\t\t\t\t\t<div class=\"elementor-divider\">\n\t\t\t<span class=\"elementor-divider-separator\">\n\t\t\t\t\t\t<\/span>\n\t\t<\/div>\n\t\t\t\t\t\t<\/div>\n\t\t\t\t<\/div>\n\t\t\t\t\t<\/div>\n\t\t<\/div>\n\t\t\t\t\t<\/div>\n\t\t<\/section>\n\t\t\t\t<\/div>\n\t\t","protected":false},"excerpt":{"rendered":"<p>Nos maisons de vacances sont situ\u00e9es dans le centre du Portugal, le point de d\u00e9part id\u00e9al pour d\u00e9couvrir ce beau pays. Entre Ribatejo, les for\u00eats de pins et les montagnes du centre du Portugal, pr\u00e8s du lagon bleu d&rsquo;Albufeira se trouve Ferreira Do Z\u00eazere, travers\u00e9e par la rivi\u00e8re O Rio Z\u00eazere. En raison du barrage &hellip; <a href=\"https:\/\/www.vakantiehuis.pt\/fr\/\" class=\"more-link\">Continue reading<span class=\"screen-reader-text\"> \u00ab\u00a0Accueil\u00a0\u00bb<\/span><\/a><\/p>\n","protected":false},"author":1,"featured_media":0,"parent":0,"menu_order":0,"comment_status":"closed","ping_status":"closed","template":"elementor_header_footer","meta":{"footnotes":""},"class_list":["post-1610","page","type-page","status-publish","hentry"],"_links":{"self":[{"href":"https:\/\/www.vakantiehuis.pt\/fr\/wp-json\/wp\/v2\/pages\/1610","targetHints":{"allow":["GET"]}}],"collection":[{"href":"https:\/\/www.vakantiehuis.pt\/fr\/wp-json\/wp\/v2\/pages"}],"about":[{"href":"https:\/\/www.vakantiehuis.pt\/fr\/wp-json\/wp\/v2\/types\/page"}],"author":[{"embeddable":true,"href":"https:\/\/www.vakantiehuis.pt\/fr\/wp-json\/wp\/v2\/users\/1"}],"replies":[{"embeddable":true,"href":"https:\/\/www.vakantiehuis.pt\/fr\/wp-json\/wp\/v2\/comments?post=1610"}],"version-history":[{"count":17,"href":"https:\/\/www.vakantiehuis.pt\/fr\/wp-json\/wp\/v2\/pages\/1610\/revisions"}],"predecessor-version":[{"id":3147,"href":"https:\/\/www.vakantiehuis.pt\/fr\/wp-json\/wp\/v2\/pages\/1610\/revisions\/3147"}],"wp:attachment":[{"href":"https:\/\/www.vakantiehuis.pt\/fr\/wp-json\/wp\/v2\/media?parent=1610"}],"curies":[{"name":"wp","href":"https:\/\/api.w.org\/{rel}","templated":true}]}}