{"id":1741,"date":"2023-01-10T10:33:14","date_gmt":"2023-01-10T09:33:14","guid":{"rendered":"https:\/\/www.vakantiehuis.pt\/reservation-casa-do-rio\/"},"modified":"2025-09-02T10:37:29","modified_gmt":"2025-09-02T08:37:29","slug":"reservation-casa-do-rio","status":"publish","type":"page","link":"https:\/\/www.vakantiehuis.pt\/fr\/reservation-casa-do-rio\/","title":{"rendered":"S\u00e9jour \u00e0 Casa Rio"},"content":{"rendered":"\t\t<div data-elementor-type=\"wp-page\" data-elementor-id=\"1741\" class=\"elementor elementor-1741 elementor-666\" data-elementor-post-type=\"page\">\n\t\t\t\t\t\t<section class=\"elementor-section elementor-top-section elementor-element elementor-element-9de5a6d elementor-section-boxed elementor-section-height-default elementor-section-height-default\" data-id=\"9de5a6d\" data-element_type=\"section\" data-e-type=\"section\" data-settings=\"{&quot;background_background&quot;:&quot;classic&quot;}\">\n\t\t\t\t\t\t<div class=\"elementor-container elementor-column-gap-default\">\n\t\t\t\t\t<div class=\"elementor-column elementor-col-100 elementor-top-column elementor-element elementor-element-e49e89c\" data-id=\"e49e89c\" data-element_type=\"column\" data-e-type=\"column\" data-settings=\"{&quot;background_background&quot;:&quot;classic&quot;}\">\n\t\t\t<div class=\"elementor-widget-wrap elementor-element-populated\">\n\t\t\t\t\t\t<div class=\"elementor-element elementor-element-ef10761 elementor-widget elementor-widget-heading\" data-id=\"ef10761\" data-element_type=\"widget\" data-e-type=\"widget\" data-widget_type=\"heading.default\">\n\t\t\t\t<div class=\"elementor-widget-container\">\n\t\t\t\t\t<h2 class=\"elementor-heading-title elementor-size-default\">salon \"Amalia<\/h2>\t\t\t\t<\/div>\n\t\t\t\t<\/div>\n\t\t\t\t<div class=\"elementor-element elementor-element-c0694b7 elementor-widget elementor-widget-heading\" data-id=\"c0694b7\" data-element_type=\"widget\" data-e-type=\"widget\" data-widget_type=\"heading.default\">\n\t\t\t\t<div class=\"elementor-widget-container\">\n\t\t\t\t\t<h1 class=\"elementor-heading-title elementor-size-default\">amalia<\/h1>\t\t\t\t<\/div>\n\t\t\t\t<\/div>\n\t\t\t\t<div class=\"elementor-element elementor-element-73c19e5 elementor-widget elementor-widget-image\" data-id=\"73c19e5\" data-element_type=\"widget\" data-e-type=\"widget\" data-widget_type=\"image.default\">\n\t\t\t\t<div class=\"elementor-widget-container\">\n\t\t\t\t\t\t\t\t\t\t\t\t\t\t\t<img fetchpriority=\"high\" decoding=\"async\" width=\"768\" height=\"512\" src=\"https:\/\/www.vakantiehuis.pt\/wp-content\/uploads\/2023\/09\/Amalia-terras-C-1024x683.jpg\" class=\"attachment-large size-large wp-image-3207\" alt=\"\" srcset=\"https:\/\/www.vakantiehuis.pt\/wp-content\/uploads\/2023\/09\/Amalia-terras-C-1024x683.jpg 1024w, https:\/\/www.vakantiehuis.pt\/wp-content\/uploads\/2023\/09\/Amalia-terras-C-300x200.jpg 300w, https:\/\/www.vakantiehuis.pt\/wp-content\/uploads\/2023\/09\/Amalia-terras-C-768x512.jpg 768w, https:\/\/www.vakantiehuis.pt\/wp-content\/uploads\/2023\/09\/Amalia-terras-C-1536x1024.jpg 1536w, https:\/\/www.vakantiehuis.pt\/wp-content\/uploads\/2023\/09\/Amalia-terras-C-2048x1365.jpg 2048w, https:\/\/www.vakantiehuis.pt\/wp-content\/uploads\/2023\/09\/Amalia-terras-C-840x560.jpg 840w, https:\/\/www.vakantiehuis.pt\/wp-content\/uploads\/2023\/09\/Amalia-terras-C-2000x1333.jpg 2000w\" sizes=\"(max-width: 768px) 100vw, 768px\" \/>\t\t\t\t\t\t\t\t\t\t\t\t\t\t\t<\/div>\n\t\t\t\t<\/div>\n\t\t\t\t<div class=\"elementor-element elementor-element-8f3949e elementor-widget elementor-widget-mphbe-room\" data-id=\"8f3949e\" data-element_type=\"widget\" data-e-type=\"widget\" data-widget_type=\"mphbe-room.default\">\n\t\t\t\t<div class=\"elementor-widget-container\">\n\t\t\t\t\t<div class=\"mphb_sc_room-wrapper \"><div class=\"mphb-room-type post-1777 mphb_room_type type-mphb_room_type status-publish has-post-thumbnail mphb_room_type_category-casa-do-rio-fr mphb_room_type_tag-amalia-fr mphb_room_type_facility-airco-fr mphb_room_type_facility-chauffage mphb_room_type_facility-cuisine-entierement-equipee mphb_room_type_facility-jardin mphb_room_type_facility-lave-linge mphb_room_type_facility-linge-de-bain-et-de-lit mphb_room_type_facility-piscine mphb_room_type_facility-wi-fi mphb-room-type-adults-6 mphb-room-type-children-5 has-taxes-and-fees\">\n\n\t\n\t\n<h3 class=\"mphb-room-type-details-title\">D\u00e9tails<\/h3><ul class=\"mphb-loop-room-type-attributes\">\n\t<li class=\"mphb-room-type-total-capacity\"><span class=\"mphb-attribute-title mphb-total-capacity-title\">H\u00f4tes:<\/span><span class=\"mphb-attribute-value\">\n\t6\n\t<\/span><\/li>\t\n\n\n\n\t<li class=\"mphb-room-type-facilities\"><span class=\"mphb-attribute-title mphb-facilities-title\">\u00c9quipements :<\/span><span class=\"mphb-attribute-value\"> <span class=\"facility-airco-fr\"><a href=\"https:\/\/www.vakantiehuis.pt\/fr\/accommodation-facility\/airco-fr\/\">Airco<\/a><\/span>, <span class=\"facility-chauffage\"><a href=\"https:\/\/www.vakantiehuis.pt\/fr\/accommodation-facility\/chauffage\/\">Chauffage<\/a><\/span>, <span class=\"facility-cuisine-entierement-equipee\"><a href=\"https:\/\/www.vakantiehuis.pt\/fr\/accommodation-facility\/cuisine-entierement-equipee\/\">Cuisine enti\u00e8rement \u00e9quip\u00e9e<\/a><\/span>, <span class=\"facility-jardin\"><a href=\"https:\/\/www.vakantiehuis.pt\/fr\/accommodation-facility\/jardin\/\">Jardin<\/a><\/span>, <span class=\"facility-lave-linge\"><a href=\"https:\/\/www.vakantiehuis.pt\/fr\/accommodation-facility\/lave-linge\/\">Lave-linge<\/a><\/span>, <span class=\"facility-linge-de-bain-et-de-lit\"><a href=\"https:\/\/www.vakantiehuis.pt\/fr\/accommodation-facility\/linge-de-bain-et-de-lit\/\">Linge de bain et de lit<\/a><\/span>, <span class=\"facility-piscine\"><a href=\"https:\/\/www.vakantiehuis.pt\/fr\/accommodation-facility\/piscine\/\">Piscine<\/a><\/span>, <span class=\"facility-wi-fi\"><a href=\"https:\/\/www.vakantiehuis.pt\/fr\/accommodation-facility\/wi-fi\/\">Wi-Fi<\/a><\/span><\/span><\/li>\n\t\n\n\n\t<li class=\"mphb-room-type-view\"><span class=\"mphb-attribute-title mphb-view-title\">Vue :<\/span><span class=\"mphb-attribute-value\">\n\tVue sur la rivi\u00e8re\n\t<\/span><\/li>\n\t\n\n\n\n\t<li class=\"mphb-room-type-bed-type\"><span  class=\"mphb-attribute-title mphb-bed-type-title\">Type de lit :<\/span><span class=\"mphb-attribute-value\">\n\t2 x lit double, lit superpos\u00e9, canap\u00e9-lit\n\t<\/span><\/li>\n\t\n\n\t<li class=\"mphb-room-type-categories\"><span class=\"mphb-attribute-title mphb-categories-title\">Cat\u00e9gories :<\/span><span class=\"mphb-attribute-value\"> <span class=\"category-casa-do-rio-fr\"><a href=\"https:\/\/www.vakantiehuis.pt\/fr\/accommodation-category\/casa-do-rio-fr\/\">Casa do Rio<\/a><\/span><\/span><\/li>\n\t\n<\/ul>\n\t\n<\/div>\n<\/div>\t\t\t\t<\/div>\n\t\t\t\t<\/div>\n\t\t\t\t<div class=\"elementor-element elementor-element-94a034d elementor-align-justify elementor-widget elementor-widget-button\" data-id=\"94a034d\" data-element_type=\"widget\" data-e-type=\"widget\" data-widget_type=\"button.default\">\n\t\t\t\t<div class=\"elementor-widget-container\">\n\t\t\t\t\t\t\t\t\t<div class=\"elementor-button-wrapper\">\n\t\t\t\t\t<a class=\"elementor-button elementor-button-link elementor-size-sm\" href=\"https:\/\/www.vakantiehuis.pt\/fr\/amalia\/\">\n\t\t\t\t\t\t<span class=\"elementor-button-content-wrapper\">\n\t\t\t\t\t\t\t\t\t<span class=\"elementor-button-text\">Plus d'informations<\/span>\n\t\t\t\t\t<\/span>\n\t\t\t\t\t<\/a>\n\t\t\t\t<\/div>\n\t\t\t\t\t\t\t\t<\/div>\n\t\t\t\t<\/div>\n\t\t\t\t<div class=\"elementor-element elementor-element-c8f0291 elementor-widget elementor-widget-mphbe-availability-calendar\" data-id=\"c8f0291\" data-element_type=\"widget\" data-e-type=\"widget\" data-widget_type=\"mphbe-availability-calendar.default\">\n\t\t\t\t<div class=\"elementor-widget-container\">\n\t\t\t\t\t<div class=\"mphb_sc_availability_calendar-wrapper\">\t<div class=\"mphb-calendar mphb-datepick inlinePicker mphb-calendar--direct-booking\" data-room-type-id=\"702\" data-monthstoshow=\"2\" data-is_show_prices=\"0\" data-is_truncate_prices=\"1\" data-is_show_prices_currency=\"0\" data-first_available_check_in_date=\"2026-05-07\"><\/div>\n\t<\/div>\t\t\t\t<\/div>\n\t\t\t\t<\/div>\n\t\t\t\t\t<\/div>\n\t\t<\/div>\n\t\t\t\t\t<\/div>\n\t\t<\/section>\n\t\t\t\t<section class=\"elementor-section elementor-top-section elementor-element elementor-element-4218d80 elementor-section-boxed elementor-section-height-default elementor-section-height-default\" data-id=\"4218d80\" data-element_type=\"section\" data-e-type=\"section\">\n\t\t\t\t\t\t<div class=\"elementor-container elementor-column-gap-default\">\n\t\t\t\t\t<div class=\"elementor-column elementor-col-100 elementor-top-column elementor-element elementor-element-9975387\" data-id=\"9975387\" data-element_type=\"column\" data-e-type=\"column\">\n\t\t\t<div class=\"elementor-widget-wrap\">\n\t\t\t\t\t\t\t<\/div>\n\t\t<\/div>\n\t\t\t\t\t<\/div>\n\t\t<\/section>\n\t\t\t\t<\/div>\n\t\t","protected":false},"excerpt":{"rendered":"<p>salon \u00ab\u00a0Amalia amalia Details Gasten: 6 Faciliteiten: Airco, Bad- &amp; bedlinnen, Tuin, Verwarming, Volledig ingerichte keuken, Wasmachine, Wifi, Zwembad Bekijken: Zicht op de rivier Type Bed: 2 x Dubbel bed, stapelbed, slaapbank Categorie\u00ebn: Casa do Rio Plus d&rsquo;informations<\/p>\n","protected":false},"author":1,"featured_media":0,"parent":0,"menu_order":0,"comment_status":"closed","ping_status":"closed","template":"","meta":{"footnotes":""},"class_list":["post-1741","page","type-page","status-publish","hentry"],"_links":{"self":[{"href":"https:\/\/www.vakantiehuis.pt\/fr\/wp-json\/wp\/v2\/pages\/1741","targetHints":{"allow":["GET"]}}],"collection":[{"href":"https:\/\/www.vakantiehuis.pt\/fr\/wp-json\/wp\/v2\/pages"}],"about":[{"href":"https:\/\/www.vakantiehuis.pt\/fr\/wp-json\/wp\/v2\/types\/page"}],"author":[{"embeddable":true,"href":"https:\/\/www.vakantiehuis.pt\/fr\/wp-json\/wp\/v2\/users\/1"}],"replies":[{"embeddable":true,"href":"https:\/\/www.vakantiehuis.pt\/fr\/wp-json\/wp\/v2\/comments?post=1741"}],"version-history":[{"count":47,"href":"https:\/\/www.vakantiehuis.pt\/fr\/wp-json\/wp\/v2\/pages\/1741\/revisions"}],"predecessor-version":[{"id":7451,"href":"https:\/\/www.vakantiehuis.pt\/fr\/wp-json\/wp\/v2\/pages\/1741\/revisions\/7451"}],"wp:attachment":[{"href":"https:\/\/www.vakantiehuis.pt\/fr\/wp-json\/wp\/v2\/media?parent=1741"}],"curies":[{"name":"wp","href":"https:\/\/api.w.org\/{rel}","templated":true}]}}