{"id":1743,"date":"2023-01-12T14:44:28","date_gmt":"2023-01-12T13:44:28","guid":{"rendered":"https:\/\/www.vakantiehuis.pt\/amalia\/"},"modified":"2025-09-02T10:42:06","modified_gmt":"2025-09-02T08:42:06","slug":"amalia","status":"publish","type":"page","link":"https:\/\/www.vakantiehuis.pt\/fr\/amalia\/","title":{"rendered":"Amalia"},"content":{"rendered":"\t\t<div data-elementor-type=\"wp-page\" data-elementor-id=\"1743\" class=\"elementor elementor-1743 elementor-964\" data-elementor-post-type=\"page\">\n\t\t\t\t<div class=\"elementor-element elementor-element-eb6a753 e-flex e-con-boxed e-con e-parent\" data-id=\"eb6a753\" data-element_type=\"container\" data-e-type=\"container\" data-settings=\"{&quot;background_background&quot;:&quot;classic&quot;}\">\n\t\t\t\t\t<div class=\"e-con-inner\">\n\t\t<div class=\"elementor-element elementor-element-ae87ab4 e-con-full e-flex e-con e-child\" data-id=\"ae87ab4\" data-element_type=\"container\" data-e-type=\"container\">\n\t\t\t\t<\/div>\n\t\t<div class=\"elementor-element elementor-element-002ea71 e-con-full e-flex e-con e-child\" data-id=\"002ea71\" data-element_type=\"container\" data-e-type=\"container\">\n\t\t\t\t<\/div>\n\t\t\t\t\t<\/div>\n\t\t\t\t<\/div>\n\t\t<div class=\"elementor-element elementor-element-ac60805 animated-slow e-flex e-con-boxed elementor-invisible e-con e-parent\" data-id=\"ac60805\" data-element_type=\"container\" data-e-type=\"container\" data-settings=\"{&quot;animation&quot;:&quot;slideInUp&quot;}\">\n\t\t\t\t\t<div class=\"e-con-inner\">\n\t\t<div class=\"elementor-element elementor-element-62ea14f e-con-full e-flex e-con e-child\" data-id=\"62ea14f\" data-element_type=\"container\" data-e-type=\"container\">\n\t\t\t\t<div class=\"elementor-element elementor-element-9ec0d41 elementor-widget elementor-widget-image\" data-id=\"9ec0d41\" data-element_type=\"widget\" data-e-type=\"widget\" data-widget_type=\"image.default\">\n\t\t\t\t<div class=\"elementor-widget-container\">\n\t\t\t\t\t\t\t\t\t\t\t\t\t\t\t<img fetchpriority=\"high\" decoding=\"async\" width=\"750\" height=\"271\" src=\"https:\/\/www.vakantiehuis.pt\/wp-content\/uploads\/2023\/06\/Amalia-1.png\" class=\"attachment-large size-large wp-image-2846\" alt=\"\" srcset=\"https:\/\/www.vakantiehuis.pt\/wp-content\/uploads\/2023\/06\/Amalia-1.png 750w, https:\/\/www.vakantiehuis.pt\/wp-content\/uploads\/2023\/06\/Amalia-1-300x108.png 300w\" sizes=\"(max-width: 750px) 100vw, 750px\" \/>\t\t\t\t\t\t\t\t\t\t\t\t\t\t\t<\/div>\n\t\t\t\t<\/div>\n\t\t\t\t<\/div>\n\t\t\t\t\t<\/div>\n\t\t\t\t<\/div>\n\t\t<div class=\"elementor-element elementor-element-22dbfa1 e-flex e-con-boxed e-con e-parent\" data-id=\"22dbfa1\" data-element_type=\"container\" data-e-type=\"container\">\n\t\t\t\t\t<div class=\"e-con-inner\">\n\t\t<div class=\"elementor-element elementor-element-893af87 e-con-full e-flex e-con e-child\" data-id=\"893af87\" data-element_type=\"container\" data-e-type=\"container\" data-settings=\"{&quot;background_background&quot;:&quot;classic&quot;}\">\n\t\t\t\t<div class=\"elementor-element elementor-element-96b6af9 elementor-widget elementor-widget-mphbe-room\" data-id=\"96b6af9\" data-element_type=\"widget\" data-e-type=\"widget\" data-widget_type=\"mphbe-room.default\">\n\t\t\t\t<div class=\"elementor-widget-container\">\n\t\t\t\t\t<div class=\"mphb_sc_room-wrapper \"><div class=\"mphb-room-type post-1777 mphb_room_type type-mphb_room_type status-publish has-post-thumbnail mphb_room_type_category-casa-do-rio-fr mphb_room_type_tag-amalia-fr mphb_room_type_facility-airco-fr mphb_room_type_facility-chauffage mphb_room_type_facility-cuisine-entierement-equipee mphb_room_type_facility-jardin mphb_room_type_facility-lave-linge mphb_room_type_facility-linge-de-bain-et-de-lit mphb_room_type_facility-piscine mphb_room_type_facility-wi-fi mphb-room-type-adults-6 mphb-room-type-children-5 has-taxes-and-fees\">\n\n\t\n\t\n\n<p>Cet espace de vie offre un h\u00e9bergement pour 6 personnes. Chambre \u00e0 coucher avec lit double, salle de bains, chambre \u00e0 coucher avec lit double et lit superpos\u00e9 + salle de bains, salon avec canap\u00e9-lit, salle de s\u00e9jour, cuisine enti\u00e8rement \u00e9quip\u00e9e, coin salon et terrasse avec piscine. Climatisation et chauffage dans le salon et les &hellip; <a href=\"https:\/\/www.vakantiehuis.pt\/fr\/accommodation\/casa-do-rio-amalia\/\" class=\"more-link\">Continue reading<span class=\"screen-reader-text\"> \u00ab\u00a0Amalia\u00a0\u00bb<\/span><\/a><\/p>\n\n\n\t\n<\/div>\n<\/div>\t\t\t\t<\/div>\n\t\t\t\t<\/div>\n\t\t\t\t<div class=\"elementor-element elementor-element-c80d5d4 elementor-widget elementor-widget-text-editor\" data-id=\"c80d5d4\" data-element_type=\"widget\" data-e-type=\"widget\" data-widget_type=\"text-editor.default\">\n\t\t\t\t<div class=\"elementor-widget-container\">\n\t\t\t\t\t\t\t\t\t<p><em>* Une moyenne de 10 \u20ac\/jour dans des conditions normales d&rsquo;utilisation est incluse dans le prix.<\/em><br><em>Un montant suppl\u00e9mentaire bas\u00e9 sur les relev\u00e9s de compteur (Smart Energy Meter) peut \u00eatre d\u00e9duit lors du remboursement de la caution.<\/em><\/p>\t\t\t\t\t\t\t\t<\/div>\n\t\t\t\t<\/div>\n\t\t\t\t<\/div>\n\t\t<div class=\"elementor-element elementor-element-34458df e-con-full e-flex e-con e-child\" data-id=\"34458df\" data-element_type=\"container\" data-e-type=\"container\" data-settings=\"{&quot;background_background&quot;:&quot;classic&quot;}\">\n\t\t\t\t<div class=\"elementor-element elementor-element-9e4b3f9 elementor-widget elementor-widget-mphbe-room\" data-id=\"9e4b3f9\" data-element_type=\"widget\" data-e-type=\"widget\" data-widget_type=\"mphbe-room.default\">\n\t\t\t\t<div class=\"elementor-widget-container\">\n\t\t\t\t\t<div class=\"mphb_sc_room-wrapper \"><div class=\"mphb-room-type post-1777 mphb_room_type type-mphb_room_type status-publish has-post-thumbnail mphb_room_type_category-casa-do-rio-fr mphb_room_type_tag-amalia-fr mphb_room_type_facility-airco-fr mphb_room_type_facility-chauffage mphb_room_type_facility-cuisine-entierement-equipee mphb_room_type_facility-jardin mphb_room_type_facility-lave-linge mphb_room_type_facility-linge-de-bain-et-de-lit mphb_room_type_facility-piscine mphb_room_type_facility-wi-fi mphb-room-type-adults-6 mphb-room-type-children-5 has-taxes-and-fees\">\n\n\t\n\t\n<h3 class=\"mphb-room-type-details-title\">D\u00e9tails<\/h3><ul class=\"mphb-loop-room-type-attributes\">\n\t<li class=\"mphb-room-type-total-capacity\"><span class=\"mphb-attribute-title mphb-total-capacity-title\">H\u00f4tes:<\/span><span class=\"mphb-attribute-value\">\n\t6\n\t<\/span><\/li>\t\n\n\n\n\t<li class=\"mphb-room-type-facilities\"><span class=\"mphb-attribute-title mphb-facilities-title\">\u00c9quipements :<\/span><span class=\"mphb-attribute-value\"> <span class=\"facility-airco-fr\"><a href=\"https:\/\/www.vakantiehuis.pt\/fr\/accommodation-facility\/airco-fr\/\">Airco<\/a><\/span>, <span class=\"facility-chauffage\"><a href=\"https:\/\/www.vakantiehuis.pt\/fr\/accommodation-facility\/chauffage\/\">Chauffage<\/a><\/span>, <span class=\"facility-cuisine-entierement-equipee\"><a href=\"https:\/\/www.vakantiehuis.pt\/fr\/accommodation-facility\/cuisine-entierement-equipee\/\">Cuisine enti\u00e8rement \u00e9quip\u00e9e<\/a><\/span>, <span class=\"facility-jardin\"><a href=\"https:\/\/www.vakantiehuis.pt\/fr\/accommodation-facility\/jardin\/\">Jardin<\/a><\/span>, <span class=\"facility-lave-linge\"><a href=\"https:\/\/www.vakantiehuis.pt\/fr\/accommodation-facility\/lave-linge\/\">Lave-linge<\/a><\/span>, <span class=\"facility-linge-de-bain-et-de-lit\"><a href=\"https:\/\/www.vakantiehuis.pt\/fr\/accommodation-facility\/linge-de-bain-et-de-lit\/\">Linge de bain et de lit<\/a><\/span>, <span class=\"facility-piscine\"><a href=\"https:\/\/www.vakantiehuis.pt\/fr\/accommodation-facility\/piscine\/\">Piscine<\/a><\/span>, <span class=\"facility-wi-fi\"><a href=\"https:\/\/www.vakantiehuis.pt\/fr\/accommodation-facility\/wi-fi\/\">Wi-Fi<\/a><\/span><\/span><\/li>\n\t\n\n\n\t<li class=\"mphb-room-type-view\"><span class=\"mphb-attribute-title mphb-view-title\">Vue :<\/span><span class=\"mphb-attribute-value\">\n\tVue sur la rivi\u00e8re\n\t<\/span><\/li>\n\t\n\n\n\n\t<li class=\"mphb-room-type-bed-type\"><span  class=\"mphb-attribute-title mphb-bed-type-title\">Type de lit :<\/span><span class=\"mphb-attribute-value\">\n\t2 x lit double, lit superpos\u00e9, canap\u00e9-lit\n\t<\/span><\/li>\n\t\n\n\t<li class=\"mphb-room-type-categories\"><span class=\"mphb-attribute-title mphb-categories-title\">Cat\u00e9gories :<\/span><span class=\"mphb-attribute-value\"> <span class=\"category-casa-do-rio-fr\"><a href=\"https:\/\/www.vakantiehuis.pt\/fr\/accommodation-category\/casa-do-rio-fr\/\">Casa do Rio<\/a><\/span><\/span><\/li>\n\t\n<\/ul>\n\t\n<\/div>\n<\/div>\t\t\t\t<\/div>\n\t\t\t\t<\/div>\n\t\t<div class=\"elementor-element elementor-element-120f432 e-flex e-con-boxed e-con e-child\" data-id=\"120f432\" data-element_type=\"container\" data-e-type=\"container\">\n\t\t\t\t\t<div class=\"e-con-inner\">\n\t\t<div class=\"elementor-element elementor-element-c98b2c6 e-con-full e-flex e-con e-child\" data-id=\"c98b2c6\" data-element_type=\"container\" data-e-type=\"container\" data-settings=\"{&quot;background_background&quot;:&quot;classic&quot;}\">\n\t\t\t\t<div class=\"elementor-element elementor-element-68df8de elementor-widget elementor-widget-text-editor\" data-id=\"68df8de\" data-element_type=\"widget\" data-e-type=\"widget\" data-widget_type=\"text-editor.default\">\n\t\t\t\t<div class=\"elementor-widget-container\">\n\t\t\t\t\t\t\t\t\t<p><span style=\"text-decoration: underline;\"><strong>Haute saison<\/strong> (01\/04 &#8211; 31\/10) :<\/span><strong><br><\/strong>\u2265 7 nuits : <strong>\u20ac145\/nuit<br><\/strong>Min. 4 nuits : <strong>\u20ac175\/nuit<\/strong><\/p>\t\t\t\t\t\t\t\t<\/div>\n\t\t\t\t<\/div>\n\t\t\t\t<\/div>\n\t\t<div class=\"elementor-element elementor-element-6aeed39 e-con-full e-flex e-con e-child\" data-id=\"6aeed39\" data-element_type=\"container\" data-e-type=\"container\" data-settings=\"{&quot;background_background&quot;:&quot;classic&quot;}\">\n\t\t\t\t<div class=\"elementor-element elementor-element-f862a9f elementor-widget elementor-widget-text-editor\" data-id=\"f862a9f\" data-element_type=\"widget\" data-e-type=\"widget\" data-widget_type=\"text-editor.default\">\n\t\t\t\t<div class=\"elementor-widget-container\">\n\t\t\t\t\t\t\t\t\t<p><span style=\"text-decoration: underline;\"><strong>Basse saison<\/strong> (01\/11 &#8211; 31\/03) :<\/span><strong><br><\/strong>\u2265 7 nuits : <strong>\u20ac115\/nuit<br><\/strong>Min. 4 nuits : <strong>\u20ac135\/nuit<\/strong><\/p>\t\t\t\t\t\t\t\t<\/div>\n\t\t\t\t<\/div>\n\t\t\t\t<\/div>\n\t\t\t\t\t<\/div>\n\t\t\t\t<\/div>\n\t\t\t\t<div class=\"elementor-element elementor-element-7f590d6 elementor-widget elementor-widget-text-editor\" data-id=\"7f590d6\" data-element_type=\"widget\" data-e-type=\"widget\" data-widget_type=\"text-editor.default\">\n\t\t\t\t<div class=\"elementor-widget-container\">\n\t\t\t\t\t\t\t\t\t<ul><li>+50\u20ac de nettoyage<\/li><li>la consommation normale de chauffage\/climatisation \u00e0 10 \u20ac\/jour est incluse*<\/li><li>+ 250 \u20ac de d\u00e9p\u00f4t de garantie<\/li><\/ul>\t\t\t\t\t\t\t\t<\/div>\n\t\t\t\t<\/div>\n\t\t\t\t<div class=\"elementor-element elementor-element-97faa98 elementor-widget elementor-widget-mphbe-availability-calendar\" data-id=\"97faa98\" data-element_type=\"widget\" data-e-type=\"widget\" data-widget_type=\"mphbe-availability-calendar.default\">\n\t\t\t\t<div class=\"elementor-widget-container\">\n\t\t\t\t\t<div class=\"mphb_sc_availability_calendar-wrapper\">\t<div class=\"mphb-calendar mphb-datepick inlinePicker mphb-calendar--direct-booking\" data-room-type-id=\"702\" data-monthstoshow=\"3\" data-is_show_prices=\"0\" data-is_truncate_prices=\"1\" data-is_show_prices_currency=\"0\" data-first_available_check_in_date=\"2026-04-12\"><\/div>\n\t<\/div>\t\t\t\t<\/div>\n\t\t\t\t<\/div>\n\t\t\t\t<div class=\"elementor-element elementor-element-a352b1b elementor-widget elementor-widget-mphbe-availability\" data-id=\"a352b1b\" data-element_type=\"widget\" data-e-type=\"widget\" data-settings=\"{&quot;hide_labels&quot;:&quot;no&quot;,&quot;no_paddings&quot;:&quot;no&quot;,&quot;hide_tips&quot;:&quot;no&quot;,&quot;stretch_btn&quot;:&quot;no&quot;}\" data-widget_type=\"mphbe-availability.default\">\n\t\t\t\t<div class=\"elementor-widget-container\">\n\t\t\t\t\t<div class=\"mphb_sc_booking_form-wrapper is-direct-booking is-style-default \">\t<form method=\"POST\" action=\"https:\/\/www.vakantiehuis.pt\/fr\/confirmation-de-reservation\/\" class=\"mphb-booking-form mphb-booking-form--direct-booking\" id=\"booking-form-702\" data-first_available_check_in_date=\"2026-04-12\">\n\n\t\t<p class=\"mphb-required-fields-tip\"><small>Les champs obligatoires sont suivis de <abbr title=\"required\">*<\/abbr><\/small><\/p>\n\t\t<input type=\"hidden\" id=\"mphb-checkout-nonce\" name=\"mphb-checkout-nonce\" value=\"bc42acdf43\" \/><input type=\"hidden\" name=\"_wp_http_referer\" value=\"\/fr\/wp-json\/wp\/v2\/pages\/1743\" \/>\t\t\t\t<input type=\"hidden\" name=\"mphb_room_type_id\" value=\"702\" \/>\n\t\t<p class=\"mphb-check-in-date-wrapper\">\n\t\t\t<label for=\"mphb_check_in_date-69d9f37ff1f0e\">\n\t\t\t\tDate d&#039;arriv\u00e9e\t\t\t\t<abbr title=\"Format\u00e9 comme dd\/mm\/yyyy\">*<\/abbr>\n\t\t\t<\/label>\n\t\t\t<br \/>\n\t\t\t<input id=\"mphb_check_in_date-69d9f37ff1f0e\" type=\"text\" class=\"mphb-datepick\" value=\"\" required=\"required\" autocomplete=\"off\" placeholder=\"Date d&#039;arriv\u00e9e\" inputmode=\"none\" \/>\n\t\t\t<input id=\"mphb_check_in_date-69d9f37ff1f0e-hidden\" type=\"hidden\" name=\"mphb_check_in_date\" value=\"\" \/>\n\t\t<\/p>\n\t\t<p class=\"mphb-check-out-date-wrapper\">\n\t\t\t<label for=\"mphb_check_out_date-69d9f37ff1f0e\">\n\t\t\t\tDate de d\u00e9part\t\t\t\t<abbr title=\"Format\u00e9 comme dd\/mm\/yyyy\">*<\/abbr>\n\t\t\t<\/label>\n\t\t\t<br \/>\n\t\t\t<input id=\"mphb_check_out_date-69d9f37ff1f0e\" type=\"text\" class=\"mphb-datepick\" value=\"\" required=\"required\" autocomplete=\"off\" placeholder=\"Date de d\u00e9part\" inputmode=\"none\" \/>\n\t\t\t<input id=\"mphb_check_out_date-69d9f37ff1f0e-hidden\" type=\"hidden\" name=\"mphb_check_out_date\" value=\"\" \/>\n\t\t<\/p>\n\t\t\t\t\t\t\t<div class=\"mphb-reserve-room-section mphb-hide\">\n\t\t\t\t<p class=\"mphb-rooms-quantity-wrapper mphb-rooms-quantity-multiple mphb-hide\">\n\t\t\t\tR\u00e9serve <select class=\"mphb-rooms-quantity\" id=\"mphb-rooms-quantity-702\" name=\"mphb_rooms_details[702]\"><option value=\"1\" selected=\"selected\">1<\/option><\/select> de <span class=\"mphb-available-rooms-count\">1<\/span> de logements disponibles.\t\t\t\t<\/p>\n\t\t\t\t<p class=\"mphb-rooms-quantity-wrapper mphb-rooms-quantity-single mphb-hide\">\n\t\t\t\t\tAmalia est disponible pour les dates s\u00e9lectionn\u00e9es.\t\t\t\t<\/p>\n\t\t\t\t\t\t\t\t<input type=\"hidden\" name=\"mphb_is_direct_booking\" value=\"1\" \/>\n\t\t\t\t<input class=\"button mphb-button mphb-confirm-reservation\" type=\"submit\" value=\"Continuer vers r\u00e9server\" \/>\n\t\t\t<\/div>\n\t\t\n\t\t<div class=\"mphb-errors-wrapper mphb-hide\"><\/div>\n\t\t<p class=\"mphb-reserve-btn-wrapper\">\n\t\t\t<input class=\"mphb-reserve-btn button\" type=\"submit\" value=\"V\u00e9rifier la disponibilit\u00e9\" \/>\n\t\t<\/p>\n\t<\/form>\n\t<\/div>\t\t\t\t<\/div>\n\t\t\t\t<\/div>\n\t\t\t\t<\/div>\n\t\t\t\t\t<\/div>\n\t\t\t\t<\/div>\n\t\t<div class=\"elementor-element elementor-element-ded27c2 e-flex e-con-boxed e-con e-parent\" data-id=\"ded27c2\" data-element_type=\"container\" data-e-type=\"container\">\n\t\t\t\t\t<div class=\"e-con-inner\">\n\t\t<div class=\"elementor-element elementor-element-52863ed e-con-full e-flex e-con e-child\" data-id=\"52863ed\" data-element_type=\"container\" data-e-type=\"container\">\n\t\t\t\t<\/div>\n\t\t\t\t\t<\/div>\n\t\t\t\t<\/div>\n\t\t\t\t<\/div>\n\t\t","protected":false},"excerpt":{"rendered":"<p>Deze woonruimte biedt logies aan 6 personen. Slaapkamer met dubbel bed, badkamer, slaapkamer met dubbel bed en stapelbed + badkamer, salon met slaapbank, living, volledig ingerichte keuken, zithoek en terras met zwembad. Airco en verwarming in woonruimte en slaapkamers. * Une moyenne de 10 \u20ac\/jour dans des conditions normales d&rsquo;utilisation est incluse dans le prix.Un &hellip; <a href=\"https:\/\/www.vakantiehuis.pt\/fr\/accommodation\/casa-do-rio-amalia\/\" class=\"more-link\">Continue reading<span class=\"screen-reader-text\"> \u00ab\u00a0Amalia\u00a0\u00bb<\/span><\/a><\/p>\n","protected":false},"author":1,"featured_media":0,"parent":0,"menu_order":0,"comment_status":"closed","ping_status":"closed","template":"elementor_header_footer","meta":{"footnotes":""},"class_list":["post-1743","page","type-page","status-publish","hentry"],"_links":{"self":[{"href":"https:\/\/www.vakantiehuis.pt\/fr\/wp-json\/wp\/v2\/pages\/1743","targetHints":{"allow":["GET"]}}],"collection":[{"href":"https:\/\/www.vakantiehuis.pt\/fr\/wp-json\/wp\/v2\/pages"}],"about":[{"href":"https:\/\/www.vakantiehuis.pt\/fr\/wp-json\/wp\/v2\/types\/page"}],"author":[{"embeddable":true,"href":"https:\/\/www.vakantiehuis.pt\/fr\/wp-json\/wp\/v2\/users\/1"}],"replies":[{"embeddable":true,"href":"https:\/\/www.vakantiehuis.pt\/fr\/wp-json\/wp\/v2\/comments?post=1743"}],"version-history":[{"count":72,"href":"https:\/\/www.vakantiehuis.pt\/fr\/wp-json\/wp\/v2\/pages\/1743\/revisions"}],"predecessor-version":[{"id":7454,"href":"https:\/\/www.vakantiehuis.pt\/fr\/wp-json\/wp\/v2\/pages\/1743\/revisions\/7454"}],"wp:attachment":[{"href":"https:\/\/www.vakantiehuis.pt\/fr\/wp-json\/wp\/v2\/media?parent=1743"}],"curies":[{"name":"wp","href":"https:\/\/api.w.org\/{rel}","templated":true}]}}