{"id":1608,"date":"2022-04-25T07:50:23","date_gmt":"2022-04-25T05:50:23","guid":{"rendered":"https:\/\/www.vakantiehuis.pt\/inicio\/"},"modified":"2023-09-10T10:06:57","modified_gmt":"2023-09-10T08:06:57","slug":"inicio","status":"publish","type":"page","link":"https:\/\/www.vakantiehuis.pt\/pt-pt\/","title":{"rendered":"In\u00edcio"},"content":{"rendered":"\t\t<div data-elementor-type=\"wp-post\" data-elementor-id=\"1608\" class=\"elementor elementor-1608 elementor-9\" data-elementor-post-type=\"page\">\n\t\t\t\t\t\t<section class=\"elementor-section elementor-top-section elementor-element elementor-element-1d1a16b elementor-section-height-min-height elementor-section-items-top elementor-section-boxed elementor-section-height-default\" data-id=\"1d1a16b\" data-element_type=\"section\" data-e-type=\"section\" data-settings=\"{&quot;background_background&quot;:&quot;classic&quot;}\">\n\t\t\t\t\t\t<div class=\"elementor-container elementor-column-gap-default\">\n\t\t\t\t\t<div class=\"elementor-column elementor-col-100 elementor-top-column elementor-element elementor-element-3baec3b\" data-id=\"3baec3b\" data-element_type=\"column\" data-e-type=\"column\">\n\t\t\t<div class=\"elementor-widget-wrap\">\n\t\t\t\t\t\t\t<\/div>\n\t\t<\/div>\n\t\t\t\t\t<\/div>\n\t\t<\/section>\n\t\t\t\t<section class=\"elementor-section elementor-top-section elementor-element elementor-element-9f554f1 elementor-section-boxed elementor-section-height-default elementor-section-height-default\" data-id=\"9f554f1\" data-element_type=\"section\" data-e-type=\"section\" data-settings=\"{&quot;background_background&quot;:&quot;classic&quot;}\">\n\t\t\t\t\t\t<div class=\"elementor-container elementor-column-gap-default\">\n\t\t\t\t\t<div class=\"elementor-column elementor-col-100 elementor-top-column elementor-element elementor-element-669e068\" data-id=\"669e068\" data-element_type=\"column\" data-e-type=\"column\">\n\t\t\t<div class=\"elementor-widget-wrap elementor-element-populated\">\n\t\t\t\t\t\t<div class=\"elementor-element elementor-element-e70517c elementor-widget elementor-widget-text-editor\" data-id=\"e70517c\" data-element_type=\"widget\" data-e-type=\"widget\" data-widget_type=\"text-editor.default\">\n\t\t\t\t<div class=\"elementor-widget-container\">\n\t\t\t\t\t\t\t\t\t<p><span style=\"font-size: 18pt; font-family: veneer;\">As nossas casas de f\u00e9rias est\u00e3o localizadas no centro de Portugal, <br \/><\/span><span style=\"font-size: 18pt; font-family: veneer; color: #999999;\">a base ideal para descobrir este belo pa\u00eds.<\/span><\/p>\n\t\t\t\t\t\t\t\t<\/div>\n\t\t\t\t<\/div>\n\t\t\t\t<div class=\"elementor-element elementor-element-74aac42 elementor-widget elementor-widget-text-editor\" data-id=\"74aac42\" data-element_type=\"widget\" data-e-type=\"widget\" data-widget_type=\"text-editor.default\">\n\t\t\t\t<div class=\"elementor-widget-container\">\n\t\t\t\t\t\t\t\t\t<p style=\"text-align: justify;\">Entre o Ribatejo, os pinhais e as montanhas do <strong>centro de Portugal<\/strong>, perto da <strong>lagoa azul<\/strong> de Albufeira fica Ferreira Do Z\u00eazere, atravessada pelo rio <strong>O Rio Z\u00eazere<\/strong>.<\/p>\n<p style=\"text-align: justify;\">Por causa da barragem de Castello de Bode, o rio formou v\u00e1rios meandros que se parecem mais com um lago. O &#8220;Lago Azul&#8221; n\u00e3o est\u00e1, portanto, certamente fora do lugar. Nadar, apanhar sol, pescar, praticar desportos aqu\u00e1ticos e desfrutar &#8230;<\/p>\n<p style=\"text-align: justify;\">Terra de <strong>colinas e vales<\/strong> onde a beleza \u00e9 exibida em cada detalhe e o tempo parece ter ficado parado. Aqui h\u00e1 <strong>sil\u00eancio e paz<\/strong>, um sil\u00eancio quebrado apenas pelas aves e o murm\u00fario da \u00e1gua e do vento. Enormes e <strong>cintilantes \u00e1guas<\/strong> s\u00e3o ladeadas por <strong>montanhas verdes<\/strong>, esta \u00e9 Ferreira do Z\u00eazere.<\/p>\t\t\t\t\t\t\t\t<\/div>\n\t\t\t\t<\/div>\n\t\t\t\t<div class=\"elementor-element elementor-element-26af57c elementor-widget-divider--view-line elementor-widget elementor-widget-divider\" data-id=\"26af57c\" data-element_type=\"widget\" data-e-type=\"widget\" data-widget_type=\"divider.default\">\n\t\t\t\t<div class=\"elementor-widget-container\">\n\t\t\t\t\t\t\t<div class=\"elementor-divider\">\n\t\t\t<span class=\"elementor-divider-separator\">\n\t\t\t\t\t\t<\/span>\n\t\t<\/div>\n\t\t\t\t\t\t<\/div>\n\t\t\t\t<\/div>\n\t\t\t\t<section class=\"elementor-section elementor-inner-section elementor-element elementor-element-29b73d9 elementor-section-boxed elementor-section-height-default elementor-section-height-default\" data-id=\"29b73d9\" data-element_type=\"section\" data-e-type=\"section\">\n\t\t\t\t\t\t<div class=\"elementor-container elementor-column-gap-default\">\n\t\t\t\t\t<div class=\"elementor-column elementor-col-50 elementor-inner-column elementor-element elementor-element-5918da6\" data-id=\"5918da6\" data-element_type=\"column\" data-e-type=\"column\" data-settings=\"{&quot;background_background&quot;:&quot;classic&quot;}\">\n\t\t\t<div class=\"elementor-widget-wrap elementor-element-populated\">\n\t\t\t\t\t\t<div class=\"elementor-element elementor-element-baeb5b0 elementor-widget elementor-widget-heading\" data-id=\"baeb5b0\" data-element_type=\"widget\" data-e-type=\"widget\" data-widget_type=\"heading.default\">\n\t\t\t\t<div class=\"elementor-widget-container\">\n\t\t\t\t\t<h1 class=\"elementor-heading-title elementor-size-default\">Casa Rio<\/h1>\t\t\t\t<\/div>\n\t\t\t\t<\/div>\n\t\t\t\t<div class=\"elementor-element elementor-element-cb83af9 elementor-widget elementor-widget-text-editor\" data-id=\"cb83af9\" data-element_type=\"widget\" data-e-type=\"widget\" data-widget_type=\"text-editor.default\">\n\t\t\t\t<div class=\"elementor-widget-container\">\n\t\t\t\t\t\t\t\t\t<p>A <strong>Casa do Rio<\/strong> est\u00e1 localizada na Bairradinha, no rio <strong>Z\u00eazere<\/strong>.  <br \/>A praia fluvial fica a 6 minutos a p\u00e9.<br \/>A casa foi completamente renovada em 2022 em <strong>2 \u00e1reas completamente equipadas &#8220;Amalia <\/strong>&#8221; (m\u00e1ximo 7 pessoas) e<strong> &#8220;Saramago <\/strong>&#8221; (m\u00e1ximo 6 pessoas).<\/p>\n<p><span style=\"color: #ffffff;\">.<br \/>.<\/span><\/p>\n\t\t\t\t\t\t\t\t<\/div>\n\t\t\t\t<\/div>\n\t\t\t\t<div class=\"elementor-element elementor-element-550e1be elementor-widget elementor-widget-image\" data-id=\"550e1be\" data-element_type=\"widget\" data-e-type=\"widget\" data-widget_type=\"image.default\">\n\t\t\t\t<div class=\"elementor-widget-container\">\n\t\t\t\t\t\t\t\t\t\t\t\t\t\t\t<img fetchpriority=\"high\" decoding=\"async\" width=\"768\" height=\"511\" src=\"https:\/\/www.vakantiehuis.pt\/wp-content\/uploads\/2023\/01\/927447ac-860c-48a2-9f86-0581dbf558c6-e1673534340638.jpg\" class=\"attachment-large size-large wp-image-1470\" alt=\"\" srcset=\"https:\/\/www.vakantiehuis.pt\/wp-content\/uploads\/2023\/01\/927447ac-860c-48a2-9f86-0581dbf558c6-e1673534340638.jpg 1011w, https:\/\/www.vakantiehuis.pt\/wp-content\/uploads\/2023\/01\/927447ac-860c-48a2-9f86-0581dbf558c6-e1673534340638-300x200.jpg 300w, https:\/\/www.vakantiehuis.pt\/wp-content\/uploads\/2023\/01\/927447ac-860c-48a2-9f86-0581dbf558c6-e1673534340638-768x511.jpg 768w, https:\/\/www.vakantiehuis.pt\/wp-content\/uploads\/2023\/01\/927447ac-860c-48a2-9f86-0581dbf558c6-e1673534340638-841x560.jpg 841w, https:\/\/www.vakantiehuis.pt\/wp-content\/uploads\/2023\/01\/927447ac-860c-48a2-9f86-0581dbf558c6-e1673534340638-840x560.jpg 840w, https:\/\/www.vakantiehuis.pt\/wp-content\/uploads\/2023\/01\/927447ac-860c-48a2-9f86-0581dbf558c6-e1673534340638-18x12.jpg 18w\" sizes=\"(max-width: 768px) 100vw, 768px\" \/>\t\t\t\t\t\t\t\t\t\t\t\t\t\t\t<\/div>\n\t\t\t\t<\/div>\n\t\t\t\t<div class=\"elementor-element elementor-element-b9c7beb elementor-widget elementor-widget-image\" data-id=\"b9c7beb\" data-element_type=\"widget\" data-e-type=\"widget\" data-widget_type=\"image.default\">\n\t\t\t\t<div class=\"elementor-widget-container\">\n\t\t\t\t\t\t\t\t\t\t\t\t\t\t\t<img decoding=\"async\" width=\"768\" height=\"512\" src=\"https:\/\/www.vakantiehuis.pt\/wp-content\/uploads\/2023\/02\/Pool-Rivier-1500px-1024x683.jpg\" class=\"attachment-large size-large wp-image-2379\" alt=\"\" srcset=\"https:\/\/www.vakantiehuis.pt\/wp-content\/uploads\/2023\/02\/Pool-Rivier-1500px-1024x683.jpg 1024w, https:\/\/www.vakantiehuis.pt\/wp-content\/uploads\/2023\/02\/Pool-Rivier-1500px-300x200.jpg 300w, https:\/\/www.vakantiehuis.pt\/wp-content\/uploads\/2023\/02\/Pool-Rivier-1500px-768x513.jpg 768w, https:\/\/www.vakantiehuis.pt\/wp-content\/uploads\/2023\/02\/Pool-Rivier-1500px-839x560.jpg 839w, https:\/\/www.vakantiehuis.pt\/wp-content\/uploads\/2023\/02\/Pool-Rivier-1500px-840x560.jpg 840w, https:\/\/www.vakantiehuis.pt\/wp-content\/uploads\/2023\/02\/Pool-Rivier-1500px.jpg 1500w\" sizes=\"(max-width: 768px) 100vw, 768px\" \/>\t\t\t\t\t\t\t\t\t\t\t\t\t\t\t<\/div>\n\t\t\t\t<\/div>\n\t\t\t\t<div class=\"elementor-element elementor-element-ba020fe elementor-align-justify elementor-widget elementor-widget-button\" data-id=\"ba020fe\" data-element_type=\"widget\" data-e-type=\"widget\" data-widget_type=\"button.default\">\n\t\t\t\t<div class=\"elementor-widget-container\">\n\t\t\t\t\t\t\t\t\t<div class=\"elementor-button-wrapper\">\n\t\t\t\t\t<a class=\"elementor-button elementor-button-link elementor-size-sm\" href=\"https:\/\/www.vakantiehuis.pt\/pt-pt\/reservar-casa-do-rio\/\">\n\t\t\t\t\t\t<span class=\"elementor-button-content-wrapper\">\n\t\t\t\t\t\t\t\t\t<span class=\"elementor-button-text\">Mais informa\u00e7\u00e3o<\/span>\n\t\t\t\t\t<\/span>\n\t\t\t\t\t<\/a>\n\t\t\t\t<\/div>\n\t\t\t\t\t\t\t\t<\/div>\n\t\t\t\t<\/div>\n\t\t\t\t\t<\/div>\n\t\t<\/div>\n\t\t\t\t<div class=\"elementor-column elementor-col-50 elementor-inner-column elementor-element elementor-element-42a59e7\" data-id=\"42a59e7\" data-element_type=\"column\" data-e-type=\"column\" data-settings=\"{&quot;background_background&quot;:&quot;classic&quot;}\">\n\t\t\t<div class=\"elementor-widget-wrap elementor-element-populated\">\n\t\t\t\t\t\t<div class=\"elementor-element elementor-element-7fafe4b elementor-widget elementor-widget-heading\" data-id=\"7fafe4b\" data-element_type=\"widget\" data-e-type=\"widget\" data-widget_type=\"heading.default\">\n\t\t\t\t<div class=\"elementor-widget-container\">\n\t\t\t\t\t<h1 class=\"elementor-heading-title elementor-size-default\">Casa Cardal<\/h1>\t\t\t\t<\/div>\n\t\t\t\t<\/div>\n\t\t\t\t<div class=\"elementor-element elementor-element-c9b649e elementor-widget elementor-widget-text-editor\" data-id=\"c9b649e\" data-element_type=\"widget\" data-e-type=\"widget\" data-widget_type=\"text-editor.default\">\n\t\t\t\t<div class=\"elementor-widget-container\">\n\t\t\t\t\t\t\t\t\t<p>Localizada a 1,9 km do <strong>Rio Z\u00eazere<\/strong>, a <strong>Casa Cardal<\/strong> \u00e9 um o\u00e1sis de <strong>tranquilidade<\/strong> com vista apenas para a <strong>natureza<\/strong>.<br \/>A casa inteira oferece alojamento para <strong>12 pessoas<\/strong>. O andar superior compreende <strong>3 compartimentos<\/strong> que podem ser alugados separadamente.<\/p>\n<p>Durante os meses de julho e agosto, n\u00f3s (Dirk, Catherine e Tille) ficamos na mesma propriedade num anexo.<\/p>\n\t\t\t\t\t\t\t\t<\/div>\n\t\t\t\t<\/div>\n\t\t\t\t<div class=\"elementor-element elementor-element-e6d706a elementor-widget elementor-widget-image\" data-id=\"e6d706a\" data-element_type=\"widget\" data-e-type=\"widget\" data-widget_type=\"image.default\">\n\t\t\t\t<div class=\"elementor-widget-container\">\n\t\t\t\t\t\t\t\t\t\t\t\t\t\t\t<img decoding=\"async\" width=\"768\" height=\"512\" src=\"https:\/\/www.vakantiehuis.pt\/wp-content\/uploads\/2023\/01\/IMG_7056-scaled-e1673533875689-1024x683.jpeg\" class=\"attachment-large size-large wp-image-1474\" alt=\"\" srcset=\"https:\/\/www.vakantiehuis.pt\/wp-content\/uploads\/2023\/01\/IMG_7056-scaled-e1673533875689-1024x683.jpeg 1024w, https:\/\/www.vakantiehuis.pt\/wp-content\/uploads\/2023\/01\/IMG_7056-scaled-e1673533875689-300x200.jpeg 300w, https:\/\/www.vakantiehuis.pt\/wp-content\/uploads\/2023\/01\/IMG_7056-scaled-e1673533875689-768x512.jpeg 768w, https:\/\/www.vakantiehuis.pt\/wp-content\/uploads\/2023\/01\/IMG_7056-scaled-e1673533875689-1536x1025.jpeg 1536w, https:\/\/www.vakantiehuis.pt\/wp-content\/uploads\/2023\/01\/IMG_7056-scaled-e1673533875689-2048x1366.jpeg 2048w, https:\/\/www.vakantiehuis.pt\/wp-content\/uploads\/2023\/01\/IMG_7056-scaled-e1673533875689-839x560.jpeg 839w, https:\/\/www.vakantiehuis.pt\/wp-content\/uploads\/2023\/01\/IMG_7056-scaled-e1673533875689-2000x1334.jpeg 2000w, https:\/\/www.vakantiehuis.pt\/wp-content\/uploads\/2023\/01\/IMG_7056-scaled-e1673533875689-840x560.jpeg 840w, https:\/\/www.vakantiehuis.pt\/wp-content\/uploads\/2023\/01\/IMG_7056-scaled-e1673533875689-18x12.jpeg 18w\" sizes=\"(max-width: 768px) 100vw, 768px\" \/>\t\t\t\t\t\t\t\t\t\t\t\t\t\t\t<\/div>\n\t\t\t\t<\/div>\n\t\t\t\t<div class=\"elementor-element elementor-element-fd4867f elementor-widget elementor-widget-image\" data-id=\"fd4867f\" data-element_type=\"widget\" data-e-type=\"widget\" data-widget_type=\"image.default\">\n\t\t\t\t<div class=\"elementor-widget-container\">\n\t\t\t\t\t\t\t\t\t\t\t\t\t\t\t<img loading=\"lazy\" decoding=\"async\" width=\"768\" height=\"512\" src=\"https:\/\/www.vakantiehuis.pt\/wp-content\/uploads\/2023\/01\/IMG_0684-scaled-e1673533358840-1024x683.jpg\" class=\"attachment-large size-large wp-image-1472\" alt=\"\" srcset=\"https:\/\/www.vakantiehuis.pt\/wp-content\/uploads\/2023\/01\/IMG_0684-scaled-e1673533358840-1024x683.jpg 1024w, https:\/\/www.vakantiehuis.pt\/wp-content\/uploads\/2023\/01\/IMG_0684-scaled-e1673533358840-300x200.jpg 300w, https:\/\/www.vakantiehuis.pt\/wp-content\/uploads\/2023\/01\/IMG_0684-scaled-e1673533358840-768x513.jpg 768w, https:\/\/www.vakantiehuis.pt\/wp-content\/uploads\/2023\/01\/IMG_0684-scaled-e1673533358840-839x560.jpg 839w, https:\/\/www.vakantiehuis.pt\/wp-content\/uploads\/2023\/01\/IMG_0684-scaled-e1673533358840-840x560.jpg 840w, https:\/\/www.vakantiehuis.pt\/wp-content\/uploads\/2023\/01\/IMG_0684-scaled-e1673533358840-18x12.jpg 18w, https:\/\/www.vakantiehuis.pt\/wp-content\/uploads\/2023\/01\/IMG_0684-scaled-e1673533358840.jpg 1500w\" sizes=\"(max-width: 768px) 100vw, 768px\" \/>\t\t\t\t\t\t\t\t\t\t\t\t\t\t\t<\/div>\n\t\t\t\t<\/div>\n\t\t\t\t<div class=\"elementor-element elementor-element-7bc11b3 elementor-align-justify elementor-widget elementor-widget-button\" data-id=\"7bc11b3\" data-element_type=\"widget\" data-e-type=\"widget\" data-widget_type=\"button.default\">\n\t\t\t\t<div class=\"elementor-widget-container\">\n\t\t\t\t\t\t\t\t\t<div class=\"elementor-button-wrapper\">\n\t\t\t\t\t<a class=\"elementor-button elementor-button-link elementor-size-sm\" href=\"https:\/\/www.vakantiehuis.pt\/pt-pt\/reservar-casa-cardal\/\">\n\t\t\t\t\t\t<span class=\"elementor-button-content-wrapper\">\n\t\t\t\t\t\t\t\t\t<span class=\"elementor-button-text\">Mais informa\u00e7\u00e3o<\/span>\n\t\t\t\t\t<\/span>\n\t\t\t\t\t<\/a>\n\t\t\t\t<\/div>\n\t\t\t\t\t\t\t\t<\/div>\n\t\t\t\t<\/div>\n\t\t\t\t\t<\/div>\n\t\t<\/div>\n\t\t\t\t\t<\/div>\n\t\t<\/section>\n\t\t\t\t<div class=\"elementor-element elementor-element-3154447 elementor-widget-divider--view-line elementor-widget elementor-widget-divider\" data-id=\"3154447\" data-element_type=\"widget\" data-e-type=\"widget\" data-widget_type=\"divider.default\">\n\t\t\t\t<div class=\"elementor-widget-container\">\n\t\t\t\t\t\t\t<div class=\"elementor-divider\">\n\t\t\t<span class=\"elementor-divider-separator\">\n\t\t\t\t\t\t<\/span>\n\t\t<\/div>\n\t\t\t\t\t\t<\/div>\n\t\t\t\t<\/div>\n\t\t\t\t\t<\/div>\n\t\t<\/div>\n\t\t\t\t\t<\/div>\n\t\t<\/section>\n\t\t\t\t<\/div>\n\t\t","protected":false},"excerpt":{"rendered":"<p>As nossas casas de f\u00e9rias est\u00e3o localizadas no centro de Portugal, a base ideal para descobrir este belo pa\u00eds. Entre o Ribatejo, os pinhais e as montanhas do centro de Portugal, perto da lagoa azul de Albufeira fica Ferreira Do Z\u00eazere, atravessada pelo rio O Rio Z\u00eazere. Por causa da barragem de Castello de Bode, &hellip; <a href=\"https:\/\/www.vakantiehuis.pt\/pt-pt\/\" class=\"more-link\">Continue reading<span class=\"screen-reader-text\"> &#8220;In\u00edcio&#8221;<\/span><\/a><\/p>\n","protected":false},"author":1,"featured_media":0,"parent":0,"menu_order":0,"comment_status":"closed","ping_status":"closed","template":"elementor_header_footer","meta":{"footnotes":""},"class_list":["post-1608","page","type-page","status-publish","hentry"],"_links":{"self":[{"href":"https:\/\/www.vakantiehuis.pt\/pt-pt\/wp-json\/wp\/v2\/pages\/1608","targetHints":{"allow":["GET"]}}],"collection":[{"href":"https:\/\/www.vakantiehuis.pt\/pt-pt\/wp-json\/wp\/v2\/pages"}],"about":[{"href":"https:\/\/www.vakantiehuis.pt\/pt-pt\/wp-json\/wp\/v2\/types\/page"}],"author":[{"embeddable":true,"href":"https:\/\/www.vakantiehuis.pt\/pt-pt\/wp-json\/wp\/v2\/users\/1"}],"replies":[{"embeddable":true,"href":"https:\/\/www.vakantiehuis.pt\/pt-pt\/wp-json\/wp\/v2\/comments?post=1608"}],"version-history":[{"count":13,"href":"https:\/\/www.vakantiehuis.pt\/pt-pt\/wp-json\/wp\/v2\/pages\/1608\/revisions"}],"predecessor-version":[{"id":3146,"href":"https:\/\/www.vakantiehuis.pt\/pt-pt\/wp-json\/wp\/v2\/pages\/1608\/revisions\/3146"}],"wp:attachment":[{"href":"https:\/\/www.vakantiehuis.pt\/pt-pt\/wp-json\/wp\/v2\/media?parent=1608"}],"curies":[{"name":"wp","href":"https:\/\/api.w.org\/{rel}","templated":true}]}}