{"id":1612,"date":"2022-04-25T15:13:18","date_gmt":"2022-04-25T13:13:18","guid":{"rendered":"https:\/\/www.vakantiehuis.pt\/arredores\/"},"modified":"2023-09-10T10:06:50","modified_gmt":"2023-09-10T08:06:50","slug":"arredores","status":"publish","type":"page","link":"https:\/\/www.vakantiehuis.pt\/pt-pt\/arredores\/","title":{"rendered":"Arredores"},"content":{"rendered":"\t\t<div data-elementor-type=\"wp-page\" data-elementor-id=\"1612\" class=\"elementor elementor-1612 elementor-95\" data-elementor-post-type=\"page\">\n\t\t\t\t\t\t<section class=\"elementor-section elementor-top-section elementor-element elementor-element-fdda0a4 elementor-section-height-min-height elementor-section-items-top elementor-section-boxed elementor-section-height-default\" data-id=\"fdda0a4\" data-element_type=\"section\" data-e-type=\"section\" data-settings=\"{&quot;background_background&quot;:&quot;classic&quot;}\">\n\t\t\t\t\t\t<div class=\"elementor-container elementor-column-gap-default\">\n\t\t\t\t\t<div class=\"elementor-column elementor-col-100 elementor-top-column elementor-element elementor-element-975b82e\" data-id=\"975b82e\" data-element_type=\"column\" data-e-type=\"column\">\n\t\t\t<div class=\"elementor-widget-wrap\">\n\t\t\t\t\t\t\t<\/div>\n\t\t<\/div>\n\t\t\t\t\t<\/div>\n\t\t<\/section>\n\t\t\t\t<section class=\"elementor-section elementor-top-section elementor-element elementor-element-b91d729 elementor-section-boxed elementor-section-height-default elementor-section-height-default\" data-id=\"b91d729\" data-element_type=\"section\" data-e-type=\"section\" data-settings=\"{&quot;background_background&quot;:&quot;classic&quot;}\">\n\t\t\t\t\t\t<div class=\"elementor-container elementor-column-gap-default\">\n\t\t\t\t\t<div class=\"elementor-column elementor-col-100 elementor-top-column elementor-element elementor-element-56a3da2\" data-id=\"56a3da2\" data-element_type=\"column\" data-e-type=\"column\">\n\t\t\t<div class=\"elementor-widget-wrap elementor-element-populated\">\n\t\t\t\t\t\t<div class=\"elementor-element elementor-element-d63afc7 elementor-widget elementor-widget-text-editor\" data-id=\"d63afc7\" data-element_type=\"widget\" data-e-type=\"widget\" data-widget_type=\"text-editor.default\">\n\t\t\t\t<div class=\"elementor-widget-container\">\n\t\t\t\t\t\t\t\t\t<p>Respire fundo e relaxe<\/p>\n\t\t\t\t\t\t\t\t<\/div>\n\t\t\t\t<\/div>\n\t\t\t\t<div class=\"elementor-element elementor-element-b044aa6 elementor-widget elementor-widget-text-editor\" data-id=\"b044aa6\" data-element_type=\"widget\" data-e-type=\"widget\" data-widget_type=\"text-editor.default\">\n\t\t\t\t<div class=\"elementor-widget-container\">\n\t\t\t\t\t\t\t\t\t<p>Conhe\u00e7a uma das mais belas regi\u00f5es de Portugal.  <br \/>Esta \u00e9 a terra dos encontros, entre passado e futuro, entre mem\u00f3rias e sonhos, entre desejos e realiza\u00e7\u00f5es.<\/p>\n<p>Aqui, belos reservat\u00f3rios, barragens e praias fluviais convidam para momentos de pura beleza, tranquilidade e aventura.<\/p>\n<p>Descansar em belas Aldeias do Xisto que permitem paz e sossego.<\/p>\n<p>Admirar os lend\u00e1rios castelos e o mosteiro templ\u00e1rio &#8220;Convento do Cristo&#8221;, um Patrim\u00f3nio Mundial. A Ordem dos Templ\u00e1rios, uma busca incessante e prodigiosa do misticismo.<\/p>\n\t\t\t\t\t\t\t\t<\/div>\n\t\t\t\t<\/div>\n\t\t\t\t<div class=\"elementor-element elementor-element-a38dd3e elementor-widget-divider--view-line elementor-widget elementor-widget-divider\" data-id=\"a38dd3e\" data-element_type=\"widget\" data-e-type=\"widget\" data-widget_type=\"divider.default\">\n\t\t\t\t<div class=\"elementor-widget-container\">\n\t\t\t\t\t\t\t<div class=\"elementor-divider\">\n\t\t\t<span class=\"elementor-divider-separator\">\n\t\t\t\t\t\t<\/span>\n\t\t<\/div>\n\t\t\t\t\t\t<\/div>\n\t\t\t\t<\/div>\n\t\t\t\t<section class=\"elementor-section elementor-inner-section elementor-element elementor-element-242a6e8 elementor-section-boxed elementor-section-height-default elementor-section-height-default\" data-id=\"242a6e8\" data-element_type=\"section\" data-e-type=\"section\">\n\t\t\t\t\t\t<div class=\"elementor-container elementor-column-gap-default\">\n\t\t\t\t\t<div class=\"elementor-column elementor-col-100 elementor-inner-column elementor-element elementor-element-4d3a5e9\" data-id=\"4d3a5e9\" data-element_type=\"column\" data-e-type=\"column\">\n\t\t\t<div class=\"elementor-widget-wrap elementor-element-populated\">\n\t\t\t\t\t\t<div class=\"elementor-element elementor-element-596118a elementor-widget elementor-widget-gallery\" data-id=\"596118a\" data-element_type=\"widget\" data-e-type=\"widget\" data-settings=\"{&quot;columns_tablet&quot;:3,&quot;columns_mobile&quot;:2,&quot;lazyload&quot;:&quot;yes&quot;,&quot;gallery_layout&quot;:&quot;grid&quot;,&quot;columns&quot;:4,&quot;gap&quot;:{&quot;unit&quot;:&quot;px&quot;,&quot;size&quot;:10,&quot;sizes&quot;:[]},&quot;gap_tablet&quot;:{&quot;unit&quot;:&quot;px&quot;,&quot;size&quot;:10,&quot;sizes&quot;:[]},&quot;gap_mobile&quot;:{&quot;unit&quot;:&quot;px&quot;,&quot;size&quot;:10,&quot;sizes&quot;:[]},&quot;link_to&quot;:&quot;file&quot;,&quot;aspect_ratio&quot;:&quot;3:2&quot;,&quot;overlay_background&quot;:&quot;yes&quot;,&quot;content_hover_animation&quot;:&quot;fade-in&quot;}\" data-widget_type=\"gallery.default\">\n\t\t\t\t<div class=\"elementor-widget-container\">\n\t\t\t\t\t\t\t<div class=\"elementor-gallery__container\">\n\t\t\t\t\t\t\t<a class=\"e-gallery-item elementor-gallery-item elementor-animated-content\" href=\"https:\/\/www.vakantiehuis.pt\/wp-content\/uploads\/2022\/04\/Bairradinha-rio.jpg\" data-elementor-open-lightbox=\"yes\" data-elementor-lightbox-slideshow=\"596118a\" data-e-action-hash=\"#elementor-action%3Aaction%3Dlightbox%26settings%3DeyJpZCI6MTM3NCwidXJsIjoiaHR0cHM6XC9cL3d3dy52YWthbnRpZWh1aXMucHRcL3dwLWNvbnRlbnRcL3VwbG9hZHNcLzIwMjJcLzA0XC9CYWlycmFkaW5oYS1yaW8uanBnIiwic2xpZGVzaG93IjoiNTk2MTE4YSJ9\">\n\t\t\t\t\t<div class=\"e-gallery-image elementor-gallery-item__image\" data-thumbnail=\"https:\/\/www.vakantiehuis.pt\/wp-content\/uploads\/2022\/04\/Bairradinha-rio-300x225.jpg\" data-width=\"300\" data-height=\"225\" aria-label=\"\" role=\"img\" ><\/div>\n\t\t\t\t\t\t\t\t\t\t\t<div class=\"elementor-gallery-item__overlay\"><\/div>\n\t\t\t\t\t\t\t\t\t\t\t\t\t\t<\/a>\n\t\t\t\t\t\t\t<a class=\"e-gallery-item elementor-gallery-item elementor-animated-content\" href=\"https:\/\/www.vakantiehuis.pt\/wp-content\/uploads\/2022\/04\/Bairradinha-2.jpg\" data-elementor-open-lightbox=\"yes\" data-elementor-lightbox-slideshow=\"596118a\" data-e-action-hash=\"#elementor-action%3Aaction%3Dlightbox%26settings%3DeyJpZCI6MTM3MiwidXJsIjoiaHR0cHM6XC9cL3d3dy52YWthbnRpZWh1aXMucHRcL3dwLWNvbnRlbnRcL3VwbG9hZHNcLzIwMjJcLzA0XC9CYWlycmFkaW5oYS0yLmpwZyIsInNsaWRlc2hvdyI6IjU5NjExOGEifQ%3D%3D\">\n\t\t\t\t\t<div class=\"e-gallery-image elementor-gallery-item__image\" data-thumbnail=\"https:\/\/www.vakantiehuis.pt\/wp-content\/uploads\/2022\/04\/Bairradinha-2-300x225.jpg\" data-width=\"300\" data-height=\"225\" aria-label=\"\" role=\"img\" ><\/div>\n\t\t\t\t\t\t\t\t\t\t\t<div class=\"elementor-gallery-item__overlay\"><\/div>\n\t\t\t\t\t\t\t\t\t\t\t\t\t\t<\/a>\n\t\t\t\t\t\t\t<a class=\"e-gallery-item elementor-gallery-item elementor-animated-content\" href=\"https:\/\/www.vakantiehuis.pt\/wp-content\/uploads\/2022\/04\/Bairradinha.jpg\" data-elementor-open-lightbox=\"yes\" data-elementor-lightbox-slideshow=\"596118a\" data-e-action-hash=\"#elementor-action%3Aaction%3Dlightbox%26settings%3DeyJpZCI6MTM3NiwidXJsIjoiaHR0cHM6XC9cL3d3dy52YWthbnRpZWh1aXMucHRcL3dwLWNvbnRlbnRcL3VwbG9hZHNcLzIwMjJcLzA0XC9CYWlycmFkaW5oYS5qcGciLCJzbGlkZXNob3ciOiI1OTYxMThhIn0%3D\">\n\t\t\t\t\t<div class=\"e-gallery-image elementor-gallery-item__image\" data-thumbnail=\"https:\/\/www.vakantiehuis.pt\/wp-content\/uploads\/2022\/04\/Bairradinha-300x225.jpg\" data-width=\"300\" data-height=\"225\" aria-label=\"\" role=\"img\" ><\/div>\n\t\t\t\t\t\t\t\t\t\t\t<div class=\"elementor-gallery-item__overlay\"><\/div>\n\t\t\t\t\t\t\t\t\t\t\t\t\t\t<\/a>\n\t\t\t\t\t\t\t<a class=\"e-gallery-item elementor-gallery-item elementor-animated-content\" href=\"https:\/\/www.vakantiehuis.pt\/wp-content\/uploads\/2022\/04\/Lago-Azul.jpg\" data-elementor-open-lightbox=\"yes\" data-elementor-lightbox-slideshow=\"596118a\" data-e-action-hash=\"#elementor-action%3Aaction%3Dlightbox%26settings%3DeyJpZCI6MTM3OCwidXJsIjoiaHR0cHM6XC9cL3d3dy52YWthbnRpZWh1aXMucHRcL3dwLWNvbnRlbnRcL3VwbG9hZHNcLzIwMjJcLzA0XC9MYWdvLUF6dWwuanBnIiwic2xpZGVzaG93IjoiNTk2MTE4YSJ9\">\n\t\t\t\t\t<div class=\"e-gallery-image elementor-gallery-item__image\" data-thumbnail=\"https:\/\/www.vakantiehuis.pt\/wp-content\/uploads\/2022\/04\/Lago-Azul-300x225.jpg\" data-width=\"300\" data-height=\"225\" aria-label=\"\" role=\"img\" ><\/div>\n\t\t\t\t\t\t\t\t\t\t\t<div class=\"elementor-gallery-item__overlay\"><\/div>\n\t\t\t\t\t\t\t\t\t\t\t\t\t\t<\/a>\n\t\t\t\t\t\t\t<a class=\"e-gallery-item elementor-gallery-item elementor-animated-content\" href=\"https:\/\/www.vakantiehuis.pt\/wp-content\/uploads\/2022\/04\/Ruta-Panoramica.jpg\" data-elementor-open-lightbox=\"yes\" data-elementor-lightbox-slideshow=\"596118a\" data-e-action-hash=\"#elementor-action%3Aaction%3Dlightbox%26settings%3DeyJpZCI6MTM4MCwidXJsIjoiaHR0cHM6XC9cL3d3dy52YWthbnRpZWh1aXMucHRcL3dwLWNvbnRlbnRcL3VwbG9hZHNcLzIwMjJcLzA0XC9SdXRhLVBhbm9yYW1pY2EuanBnIiwic2xpZGVzaG93IjoiNTk2MTE4YSJ9\">\n\t\t\t\t\t<div class=\"e-gallery-image elementor-gallery-item__image\" data-thumbnail=\"https:\/\/www.vakantiehuis.pt\/wp-content\/uploads\/2022\/04\/Ruta-Panoramica-300x225.jpg\" data-width=\"300\" data-height=\"225\" aria-label=\"\" role=\"img\" ><\/div>\n\t\t\t\t\t\t\t\t\t\t\t<div class=\"elementor-gallery-item__overlay\"><\/div>\n\t\t\t\t\t\t\t\t\t\t\t\t\t\t<\/a>\n\t\t\t\t\t\t\t<a class=\"e-gallery-item elementor-gallery-item elementor-animated-content\" href=\"https:\/\/www.vakantiehuis.pt\/wp-content\/uploads\/2022\/04\/Tomar-aquaduct.jpeg\" data-elementor-open-lightbox=\"yes\" data-elementor-lightbox-slideshow=\"596118a\" data-e-action-hash=\"#elementor-action%3Aaction%3Dlightbox%26settings%3DeyJpZCI6MTM2OCwidXJsIjoiaHR0cHM6XC9cL3d3dy52YWthbnRpZWh1aXMucHRcL3dwLWNvbnRlbnRcL3VwbG9hZHNcLzIwMjJcLzA0XC9Ub21hci1hcXVhZHVjdC5qcGVnIiwic2xpZGVzaG93IjoiNTk2MTE4YSJ9\">\n\t\t\t\t\t<div class=\"e-gallery-image elementor-gallery-item__image\" data-thumbnail=\"https:\/\/www.vakantiehuis.pt\/wp-content\/uploads\/2022\/04\/Tomar-aquaduct-300x169.jpeg\" data-width=\"300\" data-height=\"169\" aria-label=\"\" role=\"img\" ><\/div>\n\t\t\t\t\t\t\t\t\t\t\t<div class=\"elementor-gallery-item__overlay\"><\/div>\n\t\t\t\t\t\t\t\t\t\t\t\t\t\t<\/a>\n\t\t\t\t\t\t\t<a class=\"e-gallery-item elementor-gallery-item elementor-animated-content\" href=\"https:\/\/www.vakantiehuis.pt\/wp-content\/uploads\/2023\/01\/Bairradinha.jpg\" data-elementor-open-lightbox=\"yes\" data-elementor-lightbox-slideshow=\"596118a\" data-e-action-hash=\"#elementor-action%3Aaction%3Dlightbox%26settings%3DeyJpZCI6MjI1MSwidXJsIjoiaHR0cHM6XC9cL3d3dy52YWthbnRpZWh1aXMucHRcL3dwLWNvbnRlbnRcL3VwbG9hZHNcLzIwMjNcLzAxXC9CYWlycmFkaW5oYS5qcGciLCJzbGlkZXNob3ciOiI1OTYxMThhIn0%3D\">\n\t\t\t\t\t<div class=\"e-gallery-image elementor-gallery-item__image\" data-thumbnail=\"https:\/\/www.vakantiehuis.pt\/wp-content\/uploads\/2023\/01\/Bairradinha-300x225.jpg\" data-width=\"300\" data-height=\"225\" aria-label=\"\" role=\"img\" ><\/div>\n\t\t\t\t\t\t\t\t\t\t\t<div class=\"elementor-gallery-item__overlay\"><\/div>\n\t\t\t\t\t\t\t\t\t\t\t\t\t\t<\/a>\n\t\t\t\t\t\t\t<a class=\"e-gallery-item elementor-gallery-item elementor-animated-content\" href=\"https:\/\/www.vakantiehuis.pt\/wp-content\/uploads\/2022\/04\/Convento-de-Cristo.jpeg\" data-elementor-open-lightbox=\"yes\" data-elementor-lightbox-slideshow=\"596118a\" data-e-action-hash=\"#elementor-action%3Aaction%3Dlightbox%26settings%3DeyJpZCI6MTM1OCwidXJsIjoiaHR0cHM6XC9cL3d3dy52YWthbnRpZWh1aXMucHRcL3dwLWNvbnRlbnRcL3VwbG9hZHNcLzIwMjJcLzA0XC9Db252ZW50by1kZS1DcmlzdG8uanBlZyIsInNsaWRlc2hvdyI6IjU5NjExOGEifQ%3D%3D\">\n\t\t\t\t\t<div class=\"e-gallery-image elementor-gallery-item__image\" data-thumbnail=\"https:\/\/www.vakantiehuis.pt\/wp-content\/uploads\/2022\/04\/Convento-de-Cristo-300x225.jpeg\" data-width=\"300\" data-height=\"225\" aria-label=\"\" role=\"img\" ><\/div>\n\t\t\t\t\t\t\t\t\t\t\t<div class=\"elementor-gallery-item__overlay\"><\/div>\n\t\t\t\t\t\t\t\t\t\t\t\t\t\t<\/a>\n\t\t\t\t\t\t\t<a class=\"e-gallery-item elementor-gallery-item elementor-animated-content\" href=\"https:\/\/www.vakantiehuis.pt\/wp-content\/uploads\/2023\/01\/Almourol.jpeg\" data-elementor-open-lightbox=\"yes\" data-elementor-lightbox-slideshow=\"596118a\" data-e-action-hash=\"#elementor-action%3Aaction%3Dlightbox%26settings%3DeyJpZCI6MjI0NiwidXJsIjoiaHR0cHM6XC9cL3d3dy52YWthbnRpZWh1aXMucHRcL3dwLWNvbnRlbnRcL3VwbG9hZHNcLzIwMjNcLzAxXC9BbG1vdXJvbC5qcGVnIiwic2xpZGVzaG93IjoiNTk2MTE4YSJ9\">\n\t\t\t\t\t<div class=\"e-gallery-image elementor-gallery-item__image\" data-thumbnail=\"https:\/\/www.vakantiehuis.pt\/wp-content\/uploads\/2023\/01\/Almourol-300x200.jpeg\" data-width=\"300\" data-height=\"200\" aria-label=\"\" role=\"img\" ><\/div>\n\t\t\t\t\t\t\t\t\t\t\t<div class=\"elementor-gallery-item__overlay\"><\/div>\n\t\t\t\t\t\t\t\t\t\t\t\t\t\t<\/a>\n\t\t\t\t\t\t\t<a class=\"e-gallery-item elementor-gallery-item elementor-animated-content\" href=\"https:\/\/www.vakantiehuis.pt\/wp-content\/uploads\/2022\/04\/Dornes.jpeg\" data-elementor-open-lightbox=\"yes\" data-elementor-lightbox-slideshow=\"596118a\" data-e-action-hash=\"#elementor-action%3Aaction%3Dlightbox%26settings%3DeyJpZCI6MTM2MCwidXJsIjoiaHR0cHM6XC9cL3d3dy52YWthbnRpZWh1aXMucHRcL3dwLWNvbnRlbnRcL3VwbG9hZHNcLzIwMjJcLzA0XC9Eb3JuZXMuanBlZyIsInNsaWRlc2hvdyI6IjU5NjExOGEifQ%3D%3D\">\n\t\t\t\t\t<div class=\"e-gallery-image elementor-gallery-item__image\" data-thumbnail=\"https:\/\/www.vakantiehuis.pt\/wp-content\/uploads\/2022\/04\/Dornes-300x169.jpeg\" data-width=\"300\" data-height=\"169\" aria-label=\"\" role=\"img\" ><\/div>\n\t\t\t\t\t\t\t\t\t\t\t<div class=\"elementor-gallery-item__overlay\"><\/div>\n\t\t\t\t\t\t\t\t\t\t\t\t\t\t<\/a>\n\t\t\t\t\t\t\t<a class=\"e-gallery-item elementor-gallery-item elementor-animated-content\" href=\"https:\/\/www.vakantiehuis.pt\/wp-content\/uploads\/2022\/04\/waterfall.jpeg\" data-elementor-open-lightbox=\"yes\" data-elementor-lightbox-slideshow=\"596118a\" data-e-action-hash=\"#elementor-action%3Aaction%3Dlightbox%26settings%3DeyJpZCI6MTM3MCwidXJsIjoiaHR0cHM6XC9cL3d3dy52YWthbnRpZWh1aXMucHRcL3dwLWNvbnRlbnRcL3VwbG9hZHNcLzIwMjJcLzA0XC93YXRlcmZhbGwuanBlZyIsInNsaWRlc2hvdyI6IjU5NjExOGEifQ%3D%3D\">\n\t\t\t\t\t<div class=\"e-gallery-image elementor-gallery-item__image\" data-thumbnail=\"https:\/\/www.vakantiehuis.pt\/wp-content\/uploads\/2022\/04\/waterfall-300x200.jpeg\" data-width=\"300\" data-height=\"200\" aria-label=\"\" role=\"img\" ><\/div>\n\t\t\t\t\t\t\t\t\t\t\t<div class=\"elementor-gallery-item__overlay\"><\/div>\n\t\t\t\t\t\t\t\t\t\t\t\t\t\t<\/a>\n\t\t\t\t\t\t\t<a class=\"e-gallery-item elementor-gallery-item elementor-animated-content\" href=\"https:\/\/www.vakantiehuis.pt\/wp-content\/uploads\/2022\/04\/Parque-do-Bonito.jpeg\" data-elementor-open-lightbox=\"yes\" data-elementor-lightbox-slideshow=\"596118a\" data-e-action-hash=\"#elementor-action%3Aaction%3Dlightbox%26settings%3DeyJpZCI6MTM2NCwidXJsIjoiaHR0cHM6XC9cL3d3dy52YWthbnRpZWh1aXMucHRcL3dwLWNvbnRlbnRcL3VwbG9hZHNcLzIwMjJcLzA0XC9QYXJxdWUtZG8tQm9uaXRvLmpwZWciLCJzbGlkZXNob3ciOiI1OTYxMThhIn0%3D\">\n\t\t\t\t\t<div class=\"e-gallery-image elementor-gallery-item__image\" data-thumbnail=\"https:\/\/www.vakantiehuis.pt\/wp-content\/uploads\/2022\/04\/Parque-do-Bonito-300x225.jpeg\" data-width=\"300\" data-height=\"225\" aria-label=\"\" role=\"img\" ><\/div>\n\t\t\t\t\t\t\t\t\t\t\t<div class=\"elementor-gallery-item__overlay\"><\/div>\n\t\t\t\t\t\t\t\t\t\t\t\t\t\t<\/a>\n\t\t\t\t\t<\/div>\n\t\t\t\t\t<\/div>\n\t\t\t\t<\/div>\n\t\t\t\t\t<\/div>\n\t\t<\/div>\n\t\t\t\t\t<\/div>\n\t\t<\/section>\n\t\t\t\t\t<\/div>\n\t\t<\/div>\n\t\t\t\t\t<\/div>\n\t\t<\/section>\n\t\t\t\t<section class=\"elementor-section elementor-top-section elementor-element elementor-element-a01a3f6 elementor-section-boxed elementor-section-height-default elementor-section-height-default\" data-id=\"a01a3f6\" data-element_type=\"section\" data-e-type=\"section\">\n\t\t\t\t\t\t<div class=\"elementor-container elementor-column-gap-default\">\n\t\t\t\t\t<div class=\"elementor-column elementor-col-100 elementor-top-column elementor-element elementor-element-e0ce62d\" data-id=\"e0ce62d\" data-element_type=\"column\" data-e-type=\"column\">\n\t\t\t<div class=\"elementor-widget-wrap\">\n\t\t\t\t\t\t\t<\/div>\n\t\t<\/div>\n\t\t\t\t\t<\/div>\n\t\t<\/section>\n\t\t\t\t<\/div>\n\t\t","protected":false},"excerpt":{"rendered":"<p>Respire fundo e relaxe Conhe\u00e7a uma das mais belas regi\u00f5es de Portugal. Esta \u00e9 a terra dos encontros, entre passado e futuro, entre mem\u00f3rias e sonhos, entre desejos e realiza\u00e7\u00f5es. Aqui, belos reservat\u00f3rios, barragens e praias fluviais convidam para momentos de pura beleza, tranquilidade e aventura. Descansar em belas Aldeias do Xisto que permitem paz &hellip; <a href=\"https:\/\/www.vakantiehuis.pt\/pt-pt\/arredores\/\" class=\"more-link\">Continue reading<span class=\"screen-reader-text\"> &#8220;Arredores&#8221;<\/span><\/a><\/p>\n","protected":false},"author":1,"featured_media":0,"parent":0,"menu_order":0,"comment_status":"closed","ping_status":"closed","template":"elementor_header_footer","meta":{"footnotes":""},"class_list":["post-1612","page","type-page","status-publish","hentry"],"_links":{"self":[{"href":"https:\/\/www.vakantiehuis.pt\/pt-pt\/wp-json\/wp\/v2\/pages\/1612","targetHints":{"allow":["GET"]}}],"collection":[{"href":"https:\/\/www.vakantiehuis.pt\/pt-pt\/wp-json\/wp\/v2\/pages"}],"about":[{"href":"https:\/\/www.vakantiehuis.pt\/pt-pt\/wp-json\/wp\/v2\/types\/page"}],"author":[{"embeddable":true,"href":"https:\/\/www.vakantiehuis.pt\/pt-pt\/wp-json\/wp\/v2\/users\/1"}],"replies":[{"embeddable":true,"href":"https:\/\/www.vakantiehuis.pt\/pt-pt\/wp-json\/wp\/v2\/comments?post=1612"}],"version-history":[{"count":6,"href":"https:\/\/www.vakantiehuis.pt\/pt-pt\/wp-json\/wp\/v2\/pages\/1612\/revisions"}],"predecessor-version":[{"id":3144,"href":"https:\/\/www.vakantiehuis.pt\/pt-pt\/wp-json\/wp\/v2\/pages\/1612\/revisions\/3144"}],"wp:attachment":[{"href":"https:\/\/www.vakantiehuis.pt\/pt-pt\/wp-json\/wp\/v2\/media?parent=1612"}],"curies":[{"name":"wp","href":"https:\/\/api.w.org\/{rel}","templated":true}]}}