{"id":1738,"date":"2023-01-10T10:33:14","date_gmt":"2023-01-10T09:33:14","guid":{"rendered":"https:\/\/www.vakantiehuis.pt\/reservar-casa-do-rio\/"},"modified":"2025-09-02T10:37:30","modified_gmt":"2025-09-02T08:37:30","slug":"reservar-casa-do-rio","status":"publish","type":"page","link":"https:\/\/www.vakantiehuis.pt\/pt-pt\/reservar-casa-do-rio\/","title":{"rendered":"Ficar na Casa Rio"},"content":{"rendered":"\t\t<div data-elementor-type=\"wp-page\" data-elementor-id=\"1738\" class=\"elementor elementor-1738 elementor-666\" data-elementor-post-type=\"page\">\n\t\t\t\t\t\t<section class=\"elementor-section elementor-top-section elementor-element elementor-element-9de5a6d elementor-section-boxed elementor-section-height-default elementor-section-height-default\" data-id=\"9de5a6d\" data-element_type=\"section\" data-e-type=\"section\" data-settings=\"{&quot;background_background&quot;:&quot;classic&quot;}\">\n\t\t\t\t\t\t<div class=\"elementor-container elementor-column-gap-default\">\n\t\t\t\t\t<div class=\"elementor-column elementor-col-100 elementor-top-column elementor-element elementor-element-e49e89c\" data-id=\"e49e89c\" data-element_type=\"column\" data-e-type=\"column\" data-settings=\"{&quot;background_background&quot;:&quot;classic&quot;}\">\n\t\t\t<div class=\"elementor-widget-wrap elementor-element-populated\">\n\t\t\t\t\t\t<div class=\"elementor-element elementor-element-ef10761 elementor-widget elementor-widget-heading\" data-id=\"ef10761\" data-element_type=\"widget\" data-e-type=\"widget\" data-widget_type=\"heading.default\">\n\t\t\t\t<div class=\"elementor-widget-container\">\n\t\t\t\t\t<h2 class=\"elementor-heading-title elementor-size-default\">sala de estar \"Am\u00e1lia<\/h2>\t\t\t\t<\/div>\n\t\t\t\t<\/div>\n\t\t\t\t<div class=\"elementor-element elementor-element-c0694b7 elementor-widget elementor-widget-heading\" data-id=\"c0694b7\" data-element_type=\"widget\" data-e-type=\"widget\" data-widget_type=\"heading.default\">\n\t\t\t\t<div class=\"elementor-widget-container\">\n\t\t\t\t\t<h1 class=\"elementor-heading-title elementor-size-default\">am\u00e1lia<\/h1>\t\t\t\t<\/div>\n\t\t\t\t<\/div>\n\t\t\t\t<div class=\"elementor-element elementor-element-73c19e5 elementor-widget elementor-widget-image\" data-id=\"73c19e5\" data-element_type=\"widget\" data-e-type=\"widget\" data-widget_type=\"image.default\">\n\t\t\t\t<div class=\"elementor-widget-container\">\n\t\t\t\t\t\t\t\t\t\t\t\t\t\t\t<img fetchpriority=\"high\" decoding=\"async\" width=\"768\" height=\"512\" src=\"https:\/\/www.vakantiehuis.pt\/wp-content\/uploads\/2023\/09\/Amalia-terras-C-1024x683.jpg\" class=\"attachment-large size-large wp-image-3208\" alt=\"\" srcset=\"https:\/\/www.vakantiehuis.pt\/wp-content\/uploads\/2023\/09\/Amalia-terras-C-1024x683.jpg 1024w, https:\/\/www.vakantiehuis.pt\/wp-content\/uploads\/2023\/09\/Amalia-terras-C-300x200.jpg 300w, https:\/\/www.vakantiehuis.pt\/wp-content\/uploads\/2023\/09\/Amalia-terras-C-768x512.jpg 768w, https:\/\/www.vakantiehuis.pt\/wp-content\/uploads\/2023\/09\/Amalia-terras-C-1536x1024.jpg 1536w, https:\/\/www.vakantiehuis.pt\/wp-content\/uploads\/2023\/09\/Amalia-terras-C-2048x1365.jpg 2048w, https:\/\/www.vakantiehuis.pt\/wp-content\/uploads\/2023\/09\/Amalia-terras-C-840x560.jpg 840w, https:\/\/www.vakantiehuis.pt\/wp-content\/uploads\/2023\/09\/Amalia-terras-C-2000x1333.jpg 2000w\" sizes=\"(max-width: 768px) 100vw, 768px\" \/>\t\t\t\t\t\t\t\t\t\t\t\t\t\t\t<\/div>\n\t\t\t\t<\/div>\n\t\t\t\t<div class=\"elementor-element elementor-element-8f3949e elementor-widget elementor-widget-mphbe-room\" data-id=\"8f3949e\" data-element_type=\"widget\" data-e-type=\"widget\" data-widget_type=\"mphbe-room.default\">\n\t\t\t\t<div class=\"elementor-widget-container\">\n\t\t\t\t\t<div class=\"mphb_sc_room-wrapper \"><div class=\"mphb-room-type post-1784 mphb_room_type type-mphb_room_type status-publish has-post-thumbnail mphb_room_type_category-casa-do-rio-pt-pt mphb_room_type_tag-amalia-pt-pt mphb_room_type_facility-airco-pt-pt mphb_room_type_facility-aquecimento mphb_room_type_facility-cozinha-totalmente-equipada mphb_room_type_facility-jardim mphb_room_type_facility-maquina-de-lavar-roupa mphb_room_type_facility-piscina mphb_room_type_facility-roupa-de-banho-e-de-cama mphb_room_type_facility-wi-fi-pt-pt mphb-room-type-adults-6 mphb-room-type-children-5 has-taxes-and-fees\">\n\n\t\n\t\n<h3 class=\"mphb-room-type-details-title\">Detalhes<\/h3><ul class=\"mphb-loop-room-type-attributes\">\n\t<li class=\"mphb-room-type-total-capacity\"><span class=\"mphb-attribute-title mphb-total-capacity-title\">H\u00f3spedes:<\/span><span class=\"mphb-attribute-value\">\n\t6\n\t<\/span><\/li>\t\n\n\n\n\t<li class=\"mphb-room-type-facilities\"><span class=\"mphb-attribute-title mphb-facilities-title\">Comodidades:<\/span><span class=\"mphb-attribute-value\"> <span class=\"facility-airco-pt-pt\"><a href=\"https:\/\/www.vakantiehuis.pt\/pt-pt\/accommodation-facility\/airco-pt-pt\/\">Airco<\/a><\/span>, <span class=\"facility-aquecimento\"><a href=\"https:\/\/www.vakantiehuis.pt\/pt-pt\/accommodation-facility\/aquecimento\/\">Aquecimento<\/a><\/span>, <span class=\"facility-cozinha-totalmente-equipada\"><a href=\"https:\/\/www.vakantiehuis.pt\/pt-pt\/accommodation-facility\/cozinha-totalmente-equipada\/\">Cozinha totalmente equipada<\/a><\/span>, <span class=\"facility-jardim\"><a href=\"https:\/\/www.vakantiehuis.pt\/pt-pt\/accommodation-facility\/jardim\/\">Jardim<\/a><\/span>, <span class=\"facility-maquina-de-lavar-roupa\"><a href=\"https:\/\/www.vakantiehuis.pt\/pt-pt\/accommodation-facility\/maquina-de-lavar-roupa\/\">M\u00e1quina de lavar roupa<\/a><\/span>, <span class=\"facility-piscina\"><a href=\"https:\/\/www.vakantiehuis.pt\/pt-pt\/accommodation-facility\/piscina\/\">Piscina<\/a><\/span>, <span class=\"facility-roupa-de-banho-e-de-cama\"><a href=\"https:\/\/www.vakantiehuis.pt\/pt-pt\/accommodation-facility\/roupa-de-banho-e-de-cama\/\">Roupa de banho e de cama<\/a><\/span>, <span class=\"facility-wi-fi-pt-pt\"><a href=\"https:\/\/www.vakantiehuis.pt\/pt-pt\/accommodation-facility\/wi-fi-pt-pt\/\">Wi-Fi<\/a><\/span><\/span><\/li>\n\t\n\n\n\t<li class=\"mphb-room-type-view\"><span class=\"mphb-attribute-title mphb-view-title\">Ver:<\/span><span class=\"mphb-attribute-value\">\n\tVista do rio\n\t<\/span><\/li>\n\t\n\n\n\n\t<li class=\"mphb-room-type-bed-type\"><span  class=\"mphb-attribute-title mphb-bed-type-title\">Tipo de Cama:<\/span><span class=\"mphb-attribute-value\">\n\t2 x cama de casal, beliche, sof\u00e1-cama\n\t<\/span><\/li>\n\t\n\n\t<li class=\"mphb-room-type-categories\"><span class=\"mphb-attribute-title mphb-categories-title\">Categorias:<\/span><span class=\"mphb-attribute-value\"> <span class=\"category-casa-do-rio-pt-pt\"><a href=\"https:\/\/www.vakantiehuis.pt\/pt-pt\/accommodation-category\/casa-do-rio-pt-pt\/\">Casa do Rio<\/a><\/span><\/span><\/li>\n\t\n<\/ul>\n\t\n<\/div>\n<\/div>\t\t\t\t<\/div>\n\t\t\t\t<\/div>\n\t\t\t\t<div class=\"elementor-element elementor-element-94a034d elementor-align-justify elementor-widget elementor-widget-button\" data-id=\"94a034d\" data-element_type=\"widget\" data-e-type=\"widget\" data-widget_type=\"button.default\">\n\t\t\t\t<div class=\"elementor-widget-container\">\n\t\t\t\t\t\t\t\t\t<div class=\"elementor-button-wrapper\">\n\t\t\t\t\t<a class=\"elementor-button elementor-button-link elementor-size-sm\" href=\"https:\/\/www.vakantiehuis.pt\/pt-pt\/amalia\/\">\n\t\t\t\t\t\t<span class=\"elementor-button-content-wrapper\">\n\t\t\t\t\t\t\t\t\t<span class=\"elementor-button-text\">Mais informa\u00e7\u00e3o<\/span>\n\t\t\t\t\t<\/span>\n\t\t\t\t\t<\/a>\n\t\t\t\t<\/div>\n\t\t\t\t\t\t\t\t<\/div>\n\t\t\t\t<\/div>\n\t\t\t\t<div class=\"elementor-element elementor-element-c8f0291 elementor-widget elementor-widget-mphbe-availability-calendar\" data-id=\"c8f0291\" data-element_type=\"widget\" data-e-type=\"widget\" data-widget_type=\"mphbe-availability-calendar.default\">\n\t\t\t\t<div class=\"elementor-widget-container\">\n\t\t\t\t\t<div class=\"mphb_sc_availability_calendar-wrapper\">\t<div class=\"mphb-calendar mphb-datepick inlinePicker mphb-calendar--direct-booking\" data-room-type-id=\"702\" data-monthstoshow=\"2\" data-is_show_prices=\"0\" data-is_truncate_prices=\"1\" data-is_show_prices_currency=\"0\" data-first_available_check_in_date=\"2026-04-12\"><\/div>\n\t<\/div>\t\t\t\t<\/div>\n\t\t\t\t<\/div>\n\t\t\t\t\t<\/div>\n\t\t<\/div>\n\t\t\t\t\t<\/div>\n\t\t<\/section>\n\t\t\t\t<section class=\"elementor-section elementor-top-section elementor-element elementor-element-4218d80 elementor-section-boxed elementor-section-height-default elementor-section-height-default\" data-id=\"4218d80\" data-element_type=\"section\" data-e-type=\"section\">\n\t\t\t\t\t\t<div class=\"elementor-container elementor-column-gap-default\">\n\t\t\t\t\t<div class=\"elementor-column elementor-col-100 elementor-top-column elementor-element elementor-element-9975387\" data-id=\"9975387\" data-element_type=\"column\" data-e-type=\"column\">\n\t\t\t<div class=\"elementor-widget-wrap\">\n\t\t\t\t\t\t\t<\/div>\n\t\t<\/div>\n\t\t\t\t\t<\/div>\n\t\t<\/section>\n\t\t\t\t<\/div>\n\t\t","protected":false},"excerpt":{"rendered":"<p>sala de estar &#8220;Am\u00e1lia am\u00e1lia Details Gasten: 6 Faciliteiten: Airco, Bad- &amp; bedlinnen, Tuin, Verwarming, Volledig ingerichte keuken, Wasmachine, Wifi, Zwembad Bekijken: Zicht op de rivier Type Bed: 2 x Dubbel bed, stapelbed, slaapbank Categorie\u00ebn: Casa do Rio Mais informa\u00e7\u00e3o<\/p>\n","protected":false},"author":1,"featured_media":0,"parent":0,"menu_order":0,"comment_status":"closed","ping_status":"closed","template":"","meta":{"footnotes":""},"class_list":["post-1738","page","type-page","status-publish","hentry"],"_links":{"self":[{"href":"https:\/\/www.vakantiehuis.pt\/pt-pt\/wp-json\/wp\/v2\/pages\/1738","targetHints":{"allow":["GET"]}}],"collection":[{"href":"https:\/\/www.vakantiehuis.pt\/pt-pt\/wp-json\/wp\/v2\/pages"}],"about":[{"href":"https:\/\/www.vakantiehuis.pt\/pt-pt\/wp-json\/wp\/v2\/types\/page"}],"author":[{"embeddable":true,"href":"https:\/\/www.vakantiehuis.pt\/pt-pt\/wp-json\/wp\/v2\/users\/1"}],"replies":[{"embeddable":true,"href":"https:\/\/www.vakantiehuis.pt\/pt-pt\/wp-json\/wp\/v2\/comments?post=1738"}],"version-history":[{"count":38,"href":"https:\/\/www.vakantiehuis.pt\/pt-pt\/wp-json\/wp\/v2\/pages\/1738\/revisions"}],"predecessor-version":[{"id":7452,"href":"https:\/\/www.vakantiehuis.pt\/pt-pt\/wp-json\/wp\/v2\/pages\/1738\/revisions\/7452"}],"wp:attachment":[{"href":"https:\/\/www.vakantiehuis.pt\/pt-pt\/wp-json\/wp\/v2\/media?parent=1738"}],"curies":[{"name":"wp","href":"https:\/\/api.w.org\/{rel}","templated":true}]}}