{"id":1755,"date":"2023-01-12T14:44:28","date_gmt":"2023-01-12T13:44:28","guid":{"rendered":"https:\/\/www.vakantiehuis.pt\/amalia\/"},"modified":"2025-09-02T10:42:06","modified_gmt":"2025-09-02T08:42:06","slug":"amalia","status":"publish","type":"page","link":"https:\/\/www.vakantiehuis.pt\/pt-pt\/amalia\/","title":{"rendered":"Am\u00e1lia"},"content":{"rendered":"\t\t<div data-elementor-type=\"wp-page\" data-elementor-id=\"1755\" class=\"elementor elementor-1755 elementor-964\" data-elementor-post-type=\"page\">\n\t\t\t\t<div class=\"elementor-element elementor-element-eb6a753 e-flex e-con-boxed e-con e-parent\" data-id=\"eb6a753\" data-element_type=\"container\" data-e-type=\"container\" data-settings=\"{&quot;background_background&quot;:&quot;classic&quot;}\">\n\t\t\t\t\t<div class=\"e-con-inner\">\n\t\t<div class=\"elementor-element elementor-element-ae87ab4 e-con-full e-flex e-con e-child\" data-id=\"ae87ab4\" data-element_type=\"container\" data-e-type=\"container\">\n\t\t\t\t<\/div>\n\t\t<div class=\"elementor-element elementor-element-002ea71 e-con-full e-flex e-con e-child\" data-id=\"002ea71\" data-element_type=\"container\" data-e-type=\"container\">\n\t\t\t\t<\/div>\n\t\t\t\t\t<\/div>\n\t\t\t\t<\/div>\n\t\t<div class=\"elementor-element elementor-element-ac60805 animated-slow e-flex e-con-boxed elementor-invisible e-con e-parent\" data-id=\"ac60805\" data-element_type=\"container\" data-e-type=\"container\" data-settings=\"{&quot;animation&quot;:&quot;slideInUp&quot;}\">\n\t\t\t\t\t<div class=\"e-con-inner\">\n\t\t<div class=\"elementor-element elementor-element-62ea14f e-con-full e-flex e-con e-child\" data-id=\"62ea14f\" data-element_type=\"container\" data-e-type=\"container\">\n\t\t\t\t<div class=\"elementor-element elementor-element-9ec0d41 elementor-widget elementor-widget-image\" data-id=\"9ec0d41\" data-element_type=\"widget\" data-e-type=\"widget\" data-widget_type=\"image.default\">\n\t\t\t\t<div class=\"elementor-widget-container\">\n\t\t\t\t\t\t\t\t\t\t\t\t\t\t\t<img fetchpriority=\"high\" decoding=\"async\" width=\"750\" height=\"271\" src=\"https:\/\/www.vakantiehuis.pt\/wp-content\/uploads\/2023\/06\/Amalia-1.png\" class=\"attachment-large size-large wp-image-2847\" alt=\"\" srcset=\"https:\/\/www.vakantiehuis.pt\/wp-content\/uploads\/2023\/06\/Amalia-1.png 750w, https:\/\/www.vakantiehuis.pt\/wp-content\/uploads\/2023\/06\/Amalia-1-300x108.png 300w\" sizes=\"(max-width: 750px) 100vw, 750px\" \/>\t\t\t\t\t\t\t\t\t\t\t\t\t\t\t<\/div>\n\t\t\t\t<\/div>\n\t\t\t\t<\/div>\n\t\t\t\t\t<\/div>\n\t\t\t\t<\/div>\n\t\t<div class=\"elementor-element elementor-element-22dbfa1 e-flex e-con-boxed e-con e-parent\" data-id=\"22dbfa1\" data-element_type=\"container\" data-e-type=\"container\">\n\t\t\t\t\t<div class=\"e-con-inner\">\n\t\t<div class=\"elementor-element elementor-element-893af87 e-con-full e-flex e-con e-child\" data-id=\"893af87\" data-element_type=\"container\" data-e-type=\"container\" data-settings=\"{&quot;background_background&quot;:&quot;classic&quot;}\">\n\t\t\t\t<div class=\"elementor-element elementor-element-96b6af9 elementor-widget elementor-widget-mphbe-room\" data-id=\"96b6af9\" data-element_type=\"widget\" data-e-type=\"widget\" data-widget_type=\"mphbe-room.default\">\n\t\t\t\t<div class=\"elementor-widget-container\">\n\t\t\t\t\t<div class=\"mphb_sc_room-wrapper \"><div class=\"mphb-room-type post-1784 mphb_room_type type-mphb_room_type status-publish has-post-thumbnail mphb_room_type_category-casa-do-rio-pt-pt mphb_room_type_tag-amalia-pt-pt mphb_room_type_facility-airco-pt-pt mphb_room_type_facility-aquecimento mphb_room_type_facility-cozinha-totalmente-equipada mphb_room_type_facility-jardim mphb_room_type_facility-maquina-de-lavar-roupa mphb_room_type_facility-piscina mphb_room_type_facility-roupa-de-banho-e-de-cama mphb_room_type_facility-wi-fi-pt-pt mphb-room-type-adults-6 mphb-room-type-children-5 has-taxes-and-fees\">\n\n\t\n\t\n\n<p>Este espa\u00e7o de habita\u00e7\u00e3o oferece alojamento para 6 pessoas. Quarto com cama de casal, casa de banho, quarto com cama de casal e beliche + casa de banho, sala com sof\u00e1-cama, sala de estar, cozinha totalmente equipada, zona de estar e terra\u00e7o com piscina. Ar condicionado e aquecimento na sala de estar e nos quartos.<\/p>\n\n\n\t\n<\/div>\n<\/div>\t\t\t\t<\/div>\n\t\t\t\t<\/div>\n\t\t\t\t<div class=\"elementor-element elementor-element-c80d5d4 elementor-widget elementor-widget-text-editor\" data-id=\"c80d5d4\" data-element_type=\"widget\" data-e-type=\"widget\" data-widget_type=\"text-editor.default\">\n\t\t\t\t<div class=\"elementor-widget-container\">\n\t\t\t\t\t\t\t\t\t<p><em>* O pre\u00e7o inclui uma m\u00e9dia de 10 euros\/dia em condi\u00e7\u00f5es normais de utiliza\u00e7\u00e3o.<\/em><br><em>O montante adicional baseado nas leituras do contador (Smart Energy Meter) pode ser deduzido aquando do reembolso do dep\u00f3sito.<\/em><\/p>\t\t\t\t\t\t\t\t<\/div>\n\t\t\t\t<\/div>\n\t\t\t\t<\/div>\n\t\t<div class=\"elementor-element elementor-element-34458df e-con-full e-flex e-con e-child\" data-id=\"34458df\" data-element_type=\"container\" data-e-type=\"container\" data-settings=\"{&quot;background_background&quot;:&quot;classic&quot;}\">\n\t\t\t\t<div class=\"elementor-element elementor-element-9e4b3f9 elementor-widget elementor-widget-mphbe-room\" data-id=\"9e4b3f9\" data-element_type=\"widget\" data-e-type=\"widget\" data-widget_type=\"mphbe-room.default\">\n\t\t\t\t<div class=\"elementor-widget-container\">\n\t\t\t\t\t<div class=\"mphb_sc_room-wrapper \"><div class=\"mphb-room-type post-1784 mphb_room_type type-mphb_room_type status-publish has-post-thumbnail mphb_room_type_category-casa-do-rio-pt-pt mphb_room_type_tag-amalia-pt-pt mphb_room_type_facility-airco-pt-pt mphb_room_type_facility-aquecimento mphb_room_type_facility-cozinha-totalmente-equipada mphb_room_type_facility-jardim mphb_room_type_facility-maquina-de-lavar-roupa mphb_room_type_facility-piscina mphb_room_type_facility-roupa-de-banho-e-de-cama mphb_room_type_facility-wi-fi-pt-pt mphb-room-type-adults-6 mphb-room-type-children-5 has-taxes-and-fees\">\n\n\t\n\t\n<h3 class=\"mphb-room-type-details-title\">Detalhes<\/h3><ul class=\"mphb-loop-room-type-attributes\">\n\t<li class=\"mphb-room-type-total-capacity\"><span class=\"mphb-attribute-title mphb-total-capacity-title\">H\u00f3spedes:<\/span><span class=\"mphb-attribute-value\">\n\t6\n\t<\/span><\/li>\t\n\n\n\n\t<li class=\"mphb-room-type-facilities\"><span class=\"mphb-attribute-title mphb-facilities-title\">Comodidades:<\/span><span class=\"mphb-attribute-value\"> <span class=\"facility-airco-pt-pt\"><a href=\"https:\/\/www.vakantiehuis.pt\/pt-pt\/accommodation-facility\/airco-pt-pt\/\">Airco<\/a><\/span>, <span class=\"facility-aquecimento\"><a href=\"https:\/\/www.vakantiehuis.pt\/pt-pt\/accommodation-facility\/aquecimento\/\">Aquecimento<\/a><\/span>, <span class=\"facility-cozinha-totalmente-equipada\"><a href=\"https:\/\/www.vakantiehuis.pt\/pt-pt\/accommodation-facility\/cozinha-totalmente-equipada\/\">Cozinha totalmente equipada<\/a><\/span>, <span class=\"facility-jardim\"><a href=\"https:\/\/www.vakantiehuis.pt\/pt-pt\/accommodation-facility\/jardim\/\">Jardim<\/a><\/span>, <span class=\"facility-maquina-de-lavar-roupa\"><a href=\"https:\/\/www.vakantiehuis.pt\/pt-pt\/accommodation-facility\/maquina-de-lavar-roupa\/\">M\u00e1quina de lavar roupa<\/a><\/span>, <span class=\"facility-piscina\"><a href=\"https:\/\/www.vakantiehuis.pt\/pt-pt\/accommodation-facility\/piscina\/\">Piscina<\/a><\/span>, <span class=\"facility-roupa-de-banho-e-de-cama\"><a href=\"https:\/\/www.vakantiehuis.pt\/pt-pt\/accommodation-facility\/roupa-de-banho-e-de-cama\/\">Roupa de banho e de cama<\/a><\/span>, <span class=\"facility-wi-fi-pt-pt\"><a href=\"https:\/\/www.vakantiehuis.pt\/pt-pt\/accommodation-facility\/wi-fi-pt-pt\/\">Wi-Fi<\/a><\/span><\/span><\/li>\n\t\n\n\n\t<li class=\"mphb-room-type-view\"><span class=\"mphb-attribute-title mphb-view-title\">Ver:<\/span><span class=\"mphb-attribute-value\">\n\tVista do rio\n\t<\/span><\/li>\n\t\n\n\n\n\t<li class=\"mphb-room-type-bed-type\"><span  class=\"mphb-attribute-title mphb-bed-type-title\">Tipo de Cama:<\/span><span class=\"mphb-attribute-value\">\n\t2 x cama de casal, beliche, sof\u00e1-cama\n\t<\/span><\/li>\n\t\n\n\t<li class=\"mphb-room-type-categories\"><span class=\"mphb-attribute-title mphb-categories-title\">Categorias:<\/span><span class=\"mphb-attribute-value\"> <span class=\"category-casa-do-rio-pt-pt\"><a href=\"https:\/\/www.vakantiehuis.pt\/pt-pt\/accommodation-category\/casa-do-rio-pt-pt\/\">Casa do Rio<\/a><\/span><\/span><\/li>\n\t\n<\/ul>\n\t\n<\/div>\n<\/div>\t\t\t\t<\/div>\n\t\t\t\t<\/div>\n\t\t<div class=\"elementor-element elementor-element-120f432 e-flex e-con-boxed e-con e-child\" data-id=\"120f432\" data-element_type=\"container\" data-e-type=\"container\">\n\t\t\t\t\t<div class=\"e-con-inner\">\n\t\t<div class=\"elementor-element elementor-element-c98b2c6 e-con-full e-flex e-con e-child\" data-id=\"c98b2c6\" data-element_type=\"container\" data-e-type=\"container\" data-settings=\"{&quot;background_background&quot;:&quot;classic&quot;}\">\n\t\t\t\t<div class=\"elementor-element elementor-element-68df8de elementor-widget elementor-widget-text-editor\" data-id=\"68df8de\" data-element_type=\"widget\" data-e-type=\"widget\" data-widget_type=\"text-editor.default\">\n\t\t\t\t<div class=\"elementor-widget-container\">\n\t\t\t\t\t\t\t\t\t<p><span style=\"text-decoration: underline;\"><strong>\u00c9poca alta<\/strong> (01\/04 &#8211; 31\/10):<\/span><strong><br><\/strong>\u2265 7 noites: <strong>\u20ac145\/noite<br><\/strong>Min. 4 noites: <strong>\u20ac175\/noite<\/strong><\/p>\t\t\t\t\t\t\t\t<\/div>\n\t\t\t\t<\/div>\n\t\t\t\t<\/div>\n\t\t<div class=\"elementor-element elementor-element-6aeed39 e-con-full e-flex e-con e-child\" data-id=\"6aeed39\" data-element_type=\"container\" data-e-type=\"container\" data-settings=\"{&quot;background_background&quot;:&quot;classic&quot;}\">\n\t\t\t\t<div class=\"elementor-element elementor-element-f862a9f elementor-widget elementor-widget-text-editor\" data-id=\"f862a9f\" data-element_type=\"widget\" data-e-type=\"widget\" data-widget_type=\"text-editor.default\">\n\t\t\t\t<div class=\"elementor-widget-container\">\n\t\t\t\t\t\t\t\t\t<p><span style=\"text-decoration: underline;\"><strong>\u00c9poca baixa<\/strong> (01\/11 &#8211; 31\/03):<\/span><strong><br><\/strong>\u2265 7 noites: <strong>\u20ac115\/noite<br><\/strong>Min. 4 noites: <strong>\u20ac135\/noite<\/strong><\/p>\t\t\t\t\t\t\t\t<\/div>\n\t\t\t\t<\/div>\n\t\t\t\t<\/div>\n\t\t\t\t\t<\/div>\n\t\t\t\t<\/div>\n\t\t\t\t<div class=\"elementor-element elementor-element-7f590d6 elementor-widget elementor-widget-text-editor\" data-id=\"7f590d6\" data-element_type=\"widget\" data-e-type=\"widget\" data-widget_type=\"text-editor.default\">\n\t\t\t\t<div class=\"elementor-widget-container\">\n\t\t\t\t\t\t\t\t\t<ul><li>+50 euros de limpeza<\/li><li>o consumo normal de aquecimento\/ar condicionado a 10 euros\/dia est\u00e1 inclu\u00eddo*<\/li><li>+ dep\u00f3sito de 250 euros<\/li><\/ul>\t\t\t\t\t\t\t\t<\/div>\n\t\t\t\t<\/div>\n\t\t\t\t<div class=\"elementor-element elementor-element-97faa98 elementor-widget elementor-widget-mphbe-availability-calendar\" data-id=\"97faa98\" data-element_type=\"widget\" data-e-type=\"widget\" data-widget_type=\"mphbe-availability-calendar.default\">\n\t\t\t\t<div class=\"elementor-widget-container\">\n\t\t\t\t\t<div class=\"mphb_sc_availability_calendar-wrapper\">\t<div class=\"mphb-calendar mphb-datepick inlinePicker mphb-calendar--direct-booking\" data-room-type-id=\"702\" data-monthstoshow=\"3\" data-is_show_prices=\"0\" data-is_truncate_prices=\"1\" data-is_show_prices_currency=\"0\" data-first_available_check_in_date=\"2026-04-12\"><\/div>\n\t<\/div>\t\t\t\t<\/div>\n\t\t\t\t<\/div>\n\t\t\t\t<div class=\"elementor-element elementor-element-a352b1b elementor-widget elementor-widget-mphbe-availability\" data-id=\"a352b1b\" data-element_type=\"widget\" data-e-type=\"widget\" data-settings=\"{&quot;hide_labels&quot;:&quot;no&quot;,&quot;no_paddings&quot;:&quot;no&quot;,&quot;hide_tips&quot;:&quot;no&quot;,&quot;stretch_btn&quot;:&quot;no&quot;}\" data-widget_type=\"mphbe-availability.default\">\n\t\t\t\t<div class=\"elementor-widget-container\">\n\t\t\t\t\t<div class=\"mphb_sc_booking_form-wrapper is-direct-booking is-style-default \">\t<form method=\"POST\" action=\"https:\/\/www.vakantiehuis.pt\/pt-pt\/confirmacao-de-reserva\/\" class=\"mphb-booking-form mphb-booking-form--direct-booking\" id=\"booking-form-702\" data-first_available_check_in_date=\"2026-04-12\">\n\n\t\t<p class=\"mphb-required-fields-tip\"><small>Os campos obrigat\u00f3rios s\u00e3o seguidos por <abbr title=\"required\">*<\/abbr><\/small><\/p>\n\t\t<input type=\"hidden\" id=\"mphb-checkout-nonce\" name=\"mphb-checkout-nonce\" value=\"bc42acdf43\" \/><input type=\"hidden\" name=\"_wp_http_referer\" value=\"\/pt-pt\/wp-json\/wp\/v2\/pages\/1755\" \/>\t\t\t\t<input type=\"hidden\" name=\"mphb_room_type_id\" value=\"702\" \/>\n\t\t<p class=\"mphb-check-in-date-wrapper\">\n\t\t\t<label for=\"mphb_check_in_date-69d9c9ca2dec5\">\n\t\t\t\tData do Check-in\t\t\t\t<abbr title=\"Formatada como dd\/mm\/yyyy\">*<\/abbr>\n\t\t\t<\/label>\n\t\t\t<br \/>\n\t\t\t<input id=\"mphb_check_in_date-69d9c9ca2dec5\" type=\"text\" class=\"mphb-datepick\" value=\"\" required=\"required\" autocomplete=\"off\" placeholder=\"Data do Check-in\" inputmode=\"none\" \/>\n\t\t\t<input id=\"mphb_check_in_date-69d9c9ca2dec5-hidden\" type=\"hidden\" name=\"mphb_check_in_date\" value=\"\" \/>\n\t\t<\/p>\n\t\t<p class=\"mphb-check-out-date-wrapper\">\n\t\t\t<label for=\"mphb_check_out_date-69d9c9ca2dec5\">\n\t\t\t\tData do Check-out\t\t\t\t<abbr title=\"Formatada como dd\/mm\/yyyy\">*<\/abbr>\n\t\t\t<\/label>\n\t\t\t<br \/>\n\t\t\t<input id=\"mphb_check_out_date-69d9c9ca2dec5\" type=\"text\" class=\"mphb-datepick\" value=\"\" required=\"required\" autocomplete=\"off\" placeholder=\"Data do Check-out\" inputmode=\"none\" \/>\n\t\t\t<input id=\"mphb_check_out_date-69d9c9ca2dec5-hidden\" type=\"hidden\" name=\"mphb_check_out_date\" value=\"\" \/>\n\t\t<\/p>\n\t\t\t\t\t\t\t<div class=\"mphb-reserve-room-section mphb-hide\">\n\t\t\t\t<p class=\"mphb-rooms-quantity-wrapper mphb-rooms-quantity-multiple mphb-hide\">\n\t\t\t\tReserve <select class=\"mphb-rooms-quantity\" id=\"mphb-rooms-quantity-702\" name=\"mphb_rooms_details[702]\"><option value=\"1\" selected=\"selected\">1<\/option><\/select> de <span class=\"mphb-available-rooms-count\">1<\/span> acomoda\u00e7\u00f5es dispon\u00edveis.\t\t\t\t<\/p>\n\t\t\t\t<p class=\"mphb-rooms-quantity-wrapper mphb-rooms-quantity-single mphb-hide\">\n\t\t\t\t\tAmalia est\u00e1 dispon\u00edvel para datas selecionadas.\t\t\t\t<\/p>\n\t\t\t\t\t\t\t\t<input type=\"hidden\" name=\"mphb_is_direct_booking\" value=\"1\" \/>\n\t\t\t\t<input class=\"button mphb-button mphb-confirm-reservation\" type=\"submit\" value=\"Continuar a reservar\" \/>\n\t\t\t<\/div>\n\t\t\n\t\t<div class=\"mphb-errors-wrapper mphb-hide\"><\/div>\n\t\t<p class=\"mphb-reserve-btn-wrapper\">\n\t\t\t<input class=\"mphb-reserve-btn button\" type=\"submit\" value=\"Verificar Disponibilidade\" \/>\n\t\t<\/p>\n\t<\/form>\n\t<\/div>\t\t\t\t<\/div>\n\t\t\t\t<\/div>\n\t\t\t\t<\/div>\n\t\t\t\t\t<\/div>\n\t\t\t\t<\/div>\n\t\t<div class=\"elementor-element elementor-element-ded27c2 e-flex e-con-boxed e-con e-parent\" data-id=\"ded27c2\" data-element_type=\"container\" data-e-type=\"container\">\n\t\t\t\t\t<div class=\"e-con-inner\">\n\t\t<div class=\"elementor-element elementor-element-52863ed e-con-full e-flex e-con e-child\" data-id=\"52863ed\" data-element_type=\"container\" data-e-type=\"container\">\n\t\t\t\t<\/div>\n\t\t\t\t\t<\/div>\n\t\t\t\t<\/div>\n\t\t\t\t<\/div>\n\t\t","protected":false},"excerpt":{"rendered":"<p>Deze woonruimte biedt logies aan 6 personen. Slaapkamer met dubbel bed, badkamer, slaapkamer met dubbel bed en stapelbed + badkamer, salon met slaapbank, living, volledig ingerichte keuken, zithoek en terras met zwembad. Airco en verwarming in woonruimte en slaapkamers. * O pre\u00e7o inclui uma m\u00e9dia de 10 euros\/dia em condi\u00e7\u00f5es normais de utiliza\u00e7\u00e3o.O montante adicional &hellip; <a href=\"https:\/\/www.vakantiehuis.pt\/pt-pt\/accommodation\/casa-do-rio-amalia\/\" class=\"more-link\">Continue reading<span class=\"screen-reader-text\"> &#8220;Am\u00e1lia&#8221;<\/span><\/a><\/p>\n","protected":false},"author":1,"featured_media":0,"parent":0,"menu_order":0,"comment_status":"closed","ping_status":"closed","template":"elementor_header_footer","meta":{"footnotes":""},"class_list":["post-1755","page","type-page","status-publish","hentry"],"_links":{"self":[{"href":"https:\/\/www.vakantiehuis.pt\/pt-pt\/wp-json\/wp\/v2\/pages\/1755","targetHints":{"allow":["GET"]}}],"collection":[{"href":"https:\/\/www.vakantiehuis.pt\/pt-pt\/wp-json\/wp\/v2\/pages"}],"about":[{"href":"https:\/\/www.vakantiehuis.pt\/pt-pt\/wp-json\/wp\/v2\/types\/page"}],"author":[{"embeddable":true,"href":"https:\/\/www.vakantiehuis.pt\/pt-pt\/wp-json\/wp\/v2\/users\/1"}],"replies":[{"embeddable":true,"href":"https:\/\/www.vakantiehuis.pt\/pt-pt\/wp-json\/wp\/v2\/comments?post=1755"}],"version-history":[{"count":50,"href":"https:\/\/www.vakantiehuis.pt\/pt-pt\/wp-json\/wp\/v2\/pages\/1755\/revisions"}],"predecessor-version":[{"id":7455,"href":"https:\/\/www.vakantiehuis.pt\/pt-pt\/wp-json\/wp\/v2\/pages\/1755\/revisions\/7455"}],"wp:attachment":[{"href":"https:\/\/www.vakantiehuis.pt\/pt-pt\/wp-json\/wp\/v2\/media?parent=1755"}],"curies":[{"name":"wp","href":"https:\/\/api.w.org\/{rel}","templated":true}]}}